{"id":5564,"date":"2024-08-13T14:22:26","date_gmt":"2024-08-13T14:22:26","guid":{"rendered":"https:\/\/heritagehubkrakow.org\/ukrainian-heritage\/"},"modified":"2024-08-26T05:39:26","modified_gmt":"2024-08-26T05:39:26","slug":"ukrainian-heritage","status":"publish","type":"page","link":"https:\/\/heritagehubkrakow.org\/pl\/ukrainian-heritage\/","title":{"rendered":"Dziedzictwo ukrai\u0144skie"},"content":{"rendered":"\n<div class=\"is-style-section-container, has-white-text is-style-section-container wp-block-group alignfull has-red-background-color has-background eplus-wrapper is-layout-constrained wp-block-group-is-layout-constrained\"><div class=\"has-white-text wp-block-group alignfull has-white-color has-red-background-color has-text-color has-background eplus-wrapper is-layout-constrained wp-block-group-is-layout-constrained eplus-styles-uid-3cefcf\"><h1 class=\" wp-block-heading has-text-align-center eplus-wrapper eplus-styles-uid-134013\"><strong>Dziedzictwo ukrai\u0144skie<\/strong><\/h1>\n\n<div class=\"yoast-breadcrumbs\"><span><span><a href=\"https:\/\/heritagehubkrakow.org\/pl\/\">Homepage<\/a><\/span> &#8211; <span class=\"breadcrumb_last\" aria-current=\"page\">Dziedzictwo ukrai\u0144skie<\/span><\/span><\/div><\/div><\/div>\n\n\n\n<div class=\"is-style-section-container wp-block-group alignfull has-green-dark-background-color has-background eplus-wrapper is-layout-constrained wp-block-group-is-layout-constrained\"><div class=\"wp-block-group alignfull has-green-dark-background-color has-background eplus-wrapper is-layout-constrained wp-block-group-is-layout-constrained eplus-styles-uid-24f6f4\">\n<div class=\"wp-block-group eplus-wrapper is-layout-constrained wp-block-group-is-layout-constrained\"><div class=\"wp-block-columns eplus-wrapper is-layout-flex wp-container-core-columns-is-layout-9d6595d7 wp-block-columns-is-layout-flex eplus-styles-uid-5fb787\"><div class=\"wp-block-column eplus-wrapper is-layout-flow wp-block-column-is-layout-flow eplus-styles-uid-9aeb23\"><h3 class=\" wp-block-heading has-text-align-center eplus-wrapper eplus-styles-uid-0581b0\"><strong>Dziedzictwo ukrai\u0144skie<\/strong><\/h3>\n\n\n<p class=\" eplus-wrapper\"><\/p>\n<\/div><\/div><\/div>\n\n\n\n<div class=\"wp-block-group eplus-wrapper is-layout-constrained wp-block-group-is-layout-constrained\">\n<div class=\"cpt-list cpt-list-wide alignfull\">\n    <div class=\"cpt-list__posts\">\n                    <div class=\"cpt-list__posts-container\">\n                \n<div class=\"cpt-list__post\">\n                <a href=\"https:\/\/heritagehubkrakow.org\/pl\/project\/spoleczne-archiwum-aktywizmu-na-rzecz-dziedzictwa-w-europie-srodkowej-i-wschodniej-2\/\" class=\"cpt-list__post-image-wrapper\">\n                <div>\n                    <img loading=\"lazy\" decoding=\"async\" width=\"1080\" height=\"1080\" src=\"https:\/\/heritagehubkrakow.org\/wp-content\/uploads\/2025\/05\/spol-arch.jpg\" class=\"attachment-post-thumbnail size-post-thumbnail wp-post-image\" alt=\"\" srcset=\"https:\/\/heritagehubkrakow.org\/wp-content\/uploads\/2025\/05\/spol-arch.jpg 1080w, https:\/\/heritagehubkrakow.org\/wp-content\/uploads\/2025\/05\/spol-arch-300x300.jpg 300w, https:\/\/heritagehubkrakow.org\/wp-content\/uploads\/2025\/05\/spol-arch-1024x1024.jpg 1024w, https:\/\/heritagehubkrakow.org\/wp-content\/uploads\/2025\/05\/spol-arch-150x150.jpg 150w, https:\/\/heritagehubkrakow.org\/wp-content\/uploads\/2025\/05\/spol-arch-768x768.jpg 768w\" sizes=\"auto, (max-width: 1080px) 100vw, 1080px\">                <\/div>\n            <\/a>\n            <div class=\"cpt-list__post-text\">\n                    <div class=\"cpt-list__post-tags\">\n                                    <a href=\"https:\/\/heritagehubkrakow.org\/pl\/?s=&amp;tag=dziedzictwo-kulturowe\" class=\"cpt-list__post-tag\">Dziedzictwo kulturowe<\/a>\n                                    <a href=\"https:\/\/heritagehubkrakow.org\/pl\/?s=&amp;tag=projekt-pl\" class=\"cpt-list__post-tag\">Projekt<\/a>\n                                    <a href=\"https:\/\/heritagehubkrakow.org\/pl\/?s=&amp;tag=spoleczne-archiwum\" class=\"cpt-list__post-tag\">spo\u0142eczne archiwum<\/a>\n                            <\/div>\n                    <a href=\"https:\/\/heritagehubkrakow.org\/pl\/project\/spoleczne-archiwum-aktywizmu-na-rzecz-dziedzictwa-w-europie-srodkowej-i-wschodniej-2\/\" class=\"cpt-list__post-title-wrapper\"><h3 class=\"cpt-list__post-title\">Spo\u0142eczne archiwum aktywizmu na rzecz dziedzictwa w Europie \u015arodkowej i Wschodniej<\/h3><\/a>\n                    <p class=\"cpt-list__post-excerpt\">The Europa Nostra Heritage Hub in Krak\u00f3w, in partnership with the the Centre of Community Archives in Warsaw, established and operated the \u201cCommunity Archive for Heritage Activism in Central and Eastern Europe\u201d in 2024, which ran for one year. The project aimed to document and digitise activities related to heritage activism across our part of the continent, creating a space for sharing best practices in heritage protection. It focused on the work of civil society organisations, informal groups, and individuals, highlighting the evolving social awareness and responsibility in this field.<\/p>\n                    <a href=\"https:\/\/heritagehubkrakow.org\/pl\/project\/spoleczne-archiwum-aktywizmu-na-rzecz-dziedzictwa-w-europie-srodkowej-i-wschodniej-2\/\" class=\"cpt-list__post-button\">czytaj wi\u0119cej<\/a>\n            <\/div>\n<\/div>\n<div class=\"cpt-list__post\">\n                <a href=\"https:\/\/heritagehubkrakow.org\/pl\/project\/niematerialne-dziedzictwo-kulturowe-ukraincow-w-polsce-mapowanie-i-upowszechnianie\/\" class=\"cpt-list__post-image-wrapper\">\n                <div>\n                    <img loading=\"lazy\" decoding=\"async\" width=\"960\" height=\"809\" src=\"https:\/\/heritagehubkrakow.org\/wp-content\/uploads\/2023\/01\/photo1.png\" class=\"attachment-post-thumbnail size-post-thumbnail wp-post-image\" alt=\"\" srcset=\"https:\/\/heritagehubkrakow.org\/wp-content\/uploads\/2023\/01\/photo1.png 960w, https:\/\/heritagehubkrakow.org\/wp-content\/uploads\/2023\/01\/photo1-300x253.png 300w, https:\/\/heritagehubkrakow.org\/wp-content\/uploads\/2023\/01\/photo1-768x647.png 768w\" sizes=\"auto, (max-width: 960px) 100vw, 960px\">                <\/div>\n            <\/a>\n            <div class=\"cpt-list__post-text\">\n                    <div class=\"cpt-list__post-tags\">\n                                    <a href=\"https:\/\/heritagehubkrakow.org\/pl\/?s=&amp;tag=dziedzictwo-kulturowe\" class=\"cpt-list__post-tag\">Dziedzictwo kulturowe<\/a>\n                                    <a href=\"https:\/\/heritagehubkrakow.org\/pl\/?s=&amp;tag=projekt\" class=\"cpt-list__post-tag\">Projekt<\/a>\n                                    <a href=\"https:\/\/heritagehubkrakow.org\/pl\/?s=&amp;tag=ukraine-pl\" class=\"cpt-list__post-tag\">Ukraina<\/a>\n                            <\/div>\n                    <a href=\"https:\/\/heritagehubkrakow.org\/pl\/project\/niematerialne-dziedzictwo-kulturowe-ukraincow-w-polsce-mapowanie-i-upowszechnianie\/\" class=\"cpt-list__post-title-wrapper\"><h3 class=\"cpt-list__post-title\">Niematerialne dziedzictwo kulturowe Ukrai\u0144c\u00f3w w Polsce: mapowanie i upowszechnianie<\/h3><\/a>\n                    <p class=\"cpt-list__post-excerpt\">Realizowany wsp\u00f3lnie przez Uniwersytet Jagiello\u0144ski i Europa Nostra Heritage Hub projekt ma na celu zwr\u00f3cenie uwagi na konieczno\u015b\u0107 ratowania ukrai\u0144skiego dziedzictwa kulturowego na obszarze postmigracyjnym Polski po\u0142udniowo-wschodniej (pogranicze polsko-ukrai\u0144skie, polsko-s\u0142owackie, polsko-bia\u0142oruskie) oraz podj\u0119cia dzia\u0142a\u0144, kt\u00f3re przyczyni\u0142yby si\u0119 do integracji i otwarcia hermetycznego \u015brodowiska mniejszo\u015bciowego, do\u015bwiadczonego traumami historycznymi, wykorzenieniem i wykluczeniem.<\/p>\n                    <a href=\"https:\/\/heritagehubkrakow.org\/pl\/project\/niematerialne-dziedzictwo-kulturowe-ukraincow-w-polsce-mapowanie-i-upowszechnianie\/\" class=\"cpt-list__post-button\">czytaj wi\u0119cej<\/a>\n            <\/div>\n<\/div>            <\/div>\n        \n            <\/div>\n<\/div><\/div>\n<\/div><\/div>\n","protected":false},"excerpt":{"rendered":"<p>Pos\u0142uchaj naszej nowej serii podcast\u00f3w. Holistic Heritage to rozmowy, opinie i przemy\u015blenia na temat dziedzictwa Europy \u015arodkowo-Wschodniej. <\/p>\n","protected":false},"author":1,"featured_media":646,"parent":0,"menu_order":24,"comment_status":"closed","ping_status":"closed","template":"","meta":{"_acf_changed":false,"editor_plus_copied_stylings":"{}","footnotes":""},"class_list":["post-5564","page","type-page","status-publish","has-post-thumbnail","hentry"],"acf":false,"yoast_head":"<!-- This site is optimized with the Yoast SEO plugin v23.8 - https:\/\/yoast.com\/wordpress\/plugins\/seo\/ -->\n<title>Dziedzictwo ukrai\u0144skie - Europa Nostra<\/title>\n<meta name=\"description\" content=\"Holistic Heritage to rozmowy, opinie i przemy\u015blenia na temat dziedzictwa Europy \u015arodkowo-Wschodniej.\" \/>\n<meta name=\"robots\" content=\"index, follow, max-snippet:-1, max-image-preview:large, max-video-preview:-1\" \/>\n<link rel=\"canonical\" href=\"https:\/\/heritagehubkrakow.org\/pl\/ukrainian-heritage\/\" \/>\n<meta property=\"og:locale\" content=\"pl_PL\" \/>\n<meta property=\"og:type\" content=\"article\" \/>\n<meta property=\"og:title\" content=\"Dziedzictwo ukrai\u0144skie - Europa Nostra\" \/>\n<meta property=\"og:description\" content=\"Holistic Heritage to rozmowy, opinie i przemy\u015blenia na temat dziedzictwa Europy \u015arodkowo-Wschodniej.\" \/>\n<meta property=\"og:url\" content=\"https:\/\/heritagehubkrakow.org\/pl\/ukrainian-heritage\/\" \/>\n<meta property=\"og:site_name\" content=\"Europa Nostra\" \/>\n<meta property=\"article:modified_time\" content=\"2024-08-26T05:39:26+00:00\" \/>\n<meta property=\"og:image\" content=\"https:\/\/heritagehubkrakow.org\/wp-content\/uploads\/2023\/01\/Background_project-scaled.jpg\" \/>\n\t<meta property=\"og:image:width\" content=\"2560\" \/>\n\t<meta property=\"og:image:height\" content=\"803\" \/>\n\t<meta property=\"og:image:type\" content=\"image\/jpeg\" \/>\n<meta name=\"twitter:card\" content=\"summary_large_image\" \/>\n<meta name=\"twitter:label1\" content=\"Szacowany czas czytania\" \/>\n\t<meta name=\"twitter:data1\" content=\"1 minuta\" \/>\n<script type=\"application\/ld+json\" class=\"yoast-schema-graph\">{\"@context\":\"https:\/\/schema.org\",\"@graph\":[{\"@type\":\"WebPage\",\"@id\":\"https:\/\/heritagehubkrakow.org\/pl\/ukrainian-heritage\/\",\"url\":\"https:\/\/heritagehubkrakow.org\/pl\/ukrainian-heritage\/\",\"name\":\"Dziedzictwo ukrai\u0144skie - Europa Nostra\",\"isPartOf\":{\"@id\":\"https:\/\/heritagehubkrakow.org\/pl\/#website\"},\"primaryImageOfPage\":{\"@id\":\"https:\/\/heritagehubkrakow.org\/pl\/ukrainian-heritage\/#primaryimage\"},\"image\":{\"@id\":\"https:\/\/heritagehubkrakow.org\/pl\/ukrainian-heritage\/#primaryimage\"},\"thumbnailUrl\":\"https:\/\/heritagehubkrakow.org\/wp-content\/uploads\/2023\/01\/Background_project-scaled.jpg\",\"datePublished\":\"2024-08-13T14:22:26+00:00\",\"dateModified\":\"2024-08-26T05:39:26+00:00\",\"description\":\"Holistic Heritage to rozmowy, opinie i przemy\u015blenia na temat dziedzictwa Europy \u015arodkowo-Wschodniej.\",\"breadcrumb\":{\"@id\":\"https:\/\/heritagehubkrakow.org\/pl\/ukrainian-heritage\/#breadcrumb\"},\"inLanguage\":\"pl-PL\",\"potentialAction\":[{\"@type\":\"ReadAction\",\"target\":[\"https:\/\/heritagehubkrakow.org\/pl\/ukrainian-heritage\/\"]}]},{\"@type\":\"ImageObject\",\"inLanguage\":\"pl-PL\",\"@id\":\"https:\/\/heritagehubkrakow.org\/pl\/ukrainian-heritage\/#primaryimage\",\"url\":\"https:\/\/heritagehubkrakow.org\/wp-content\/uploads\/2023\/01\/Background_project-scaled.jpg\",\"contentUrl\":\"https:\/\/heritagehubkrakow.org\/wp-content\/uploads\/2023\/01\/Background_project-scaled.jpg\",\"width\":2560,\"height\":803},{\"@type\":\"BreadcrumbList\",\"@id\":\"https:\/\/heritagehubkrakow.org\/pl\/ukrainian-heritage\/#breadcrumb\",\"itemListElement\":[{\"@type\":\"ListItem\",\"position\":1,\"name\":\"Homepage\",\"item\":\"https:\/\/heritagehubkrakow.org\/pl\/\"},{\"@type\":\"ListItem\",\"position\":2,\"name\":\"Dziedzictwo ukrai\u0144skie\"}]},{\"@type\":\"WebSite\",\"@id\":\"https:\/\/heritagehubkrakow.org\/pl\/#website\",\"url\":\"https:\/\/heritagehubkrakow.org\/pl\/\",\"name\":\"Europa Nostra\",\"description\":\"Heritage Hub for Central and Eastern Europe\",\"publisher\":{\"@id\":\"https:\/\/heritagehubkrakow.org\/pl\/#organization\"},\"potentialAction\":[{\"@type\":\"SearchAction\",\"target\":{\"@type\":\"EntryPoint\",\"urlTemplate\":\"https:\/\/heritagehubkrakow.org\/pl\/?s={search_term_string}\"},\"query-input\":{\"@type\":\"PropertyValueSpecification\",\"valueRequired\":true,\"valueName\":\"search_term_string\"}}],\"inLanguage\":\"pl-PL\"},{\"@type\":\"Organization\",\"@id\":\"https:\/\/heritagehubkrakow.org\/pl\/#organization\",\"name\":\"Europa Nostra\",\"url\":\"https:\/\/heritagehubkrakow.org\/pl\/\",\"logo\":{\"@type\":\"ImageObject\",\"inLanguage\":\"pl-PL\",\"@id\":\"https:\/\/heritagehubkrakow.org\/pl\/#\/schema\/logo\/image\/\",\"url\":\"https:\/\/heritagehubkrakow.org\/wp-content\/uploads\/2023\/01\/europa-logo.png\",\"contentUrl\":\"https:\/\/heritagehubkrakow.org\/wp-content\/uploads\/2023\/01\/europa-logo.png\",\"width\":218,\"height\":237,\"caption\":\"Europa Nostra\"},\"image\":{\"@id\":\"https:\/\/heritagehubkrakow.org\/pl\/#\/schema\/logo\/image\/\"}}]}<\/script>\n<!-- \/ Yoast SEO plugin. -->","yoast_head_json":{"title":"Dziedzictwo ukrai\u0144skie - Europa Nostra","description":"Holistic Heritage to rozmowy, opinie i przemy\u015blenia na temat dziedzictwa Europy \u015arodkowo-Wschodniej.","robots":{"index":"index","follow":"follow","max-snippet":"max-snippet:-1","max-image-preview":"max-image-preview:large","max-video-preview":"max-video-preview:-1"},"canonical":"https:\/\/heritagehubkrakow.org\/pl\/ukrainian-heritage\/","og_locale":"pl_PL","og_type":"article","og_title":"Dziedzictwo ukrai\u0144skie - Europa Nostra","og_description":"Holistic Heritage to rozmowy, opinie i przemy\u015blenia na temat dziedzictwa Europy \u015arodkowo-Wschodniej.","og_url":"https:\/\/heritagehubkrakow.org\/pl\/ukrainian-heritage\/","og_site_name":"Europa Nostra","article_modified_time":"2024-08-26T05:39:26+00:00","og_image":[{"width":2560,"height":803,"url":"https:\/\/heritagehubkrakow.org\/wp-content\/uploads\/2023\/01\/Background_project-scaled.jpg","type":"image\/jpeg"}],"twitter_card":"summary_large_image","twitter_misc":{"Szacowany czas czytania":"1 minuta"},"schema":{"@context":"https:\/\/schema.org","@graph":[{"@type":"WebPage","@id":"https:\/\/heritagehubkrakow.org\/pl\/ukrainian-heritage\/","url":"https:\/\/heritagehubkrakow.org\/pl\/ukrainian-heritage\/","name":"Dziedzictwo ukrai\u0144skie - Europa Nostra","isPartOf":{"@id":"https:\/\/heritagehubkrakow.org\/pl\/#website"},"primaryImageOfPage":{"@id":"https:\/\/heritagehubkrakow.org\/pl\/ukrainian-heritage\/#primaryimage"},"image":{"@id":"https:\/\/heritagehubkrakow.org\/pl\/ukrainian-heritage\/#primaryimage"},"thumbnailUrl":"https:\/\/heritagehubkrakow.org\/wp-content\/uploads\/2023\/01\/Background_project-scaled.jpg","datePublished":"2024-08-13T14:22:26+00:00","dateModified":"2024-08-26T05:39:26+00:00","description":"Holistic Heritage to rozmowy, opinie i przemy\u015blenia na temat dziedzictwa Europy \u015arodkowo-Wschodniej.","breadcrumb":{"@id":"https:\/\/heritagehubkrakow.org\/pl\/ukrainian-heritage\/#breadcrumb"},"inLanguage":"pl-PL","potentialAction":[{"@type":"ReadAction","target":["https:\/\/heritagehubkrakow.org\/pl\/ukrainian-heritage\/"]}]},{"@type":"ImageObject","inLanguage":"pl-PL","@id":"https:\/\/heritagehubkrakow.org\/pl\/ukrainian-heritage\/#primaryimage","url":"https:\/\/heritagehubkrakow.org\/wp-content\/uploads\/2023\/01\/Background_project-scaled.jpg","contentUrl":"https:\/\/heritagehubkrakow.org\/wp-content\/uploads\/2023\/01\/Background_project-scaled.jpg","width":2560,"height":803},{"@type":"BreadcrumbList","@id":"https:\/\/heritagehubkrakow.org\/pl\/ukrainian-heritage\/#breadcrumb","itemListElement":[{"@type":"ListItem","position":1,"name":"Homepage","item":"https:\/\/heritagehubkrakow.org\/pl\/"},{"@type":"ListItem","position":2,"name":"Dziedzictwo ukrai\u0144skie"}]},{"@type":"WebSite","@id":"https:\/\/heritagehubkrakow.org\/pl\/#website","url":"https:\/\/heritagehubkrakow.org\/pl\/","name":"Europa Nostra","description":"Heritage Hub for Central and Eastern Europe","publisher":{"@id":"https:\/\/heritagehubkrakow.org\/pl\/#organization"},"potentialAction":[{"@type":"SearchAction","target":{"@type":"EntryPoint","urlTemplate":"https:\/\/heritagehubkrakow.org\/pl\/?s={search_term_string}"},"query-input":{"@type":"PropertyValueSpecification","valueRequired":true,"valueName":"search_term_string"}}],"inLanguage":"pl-PL"},{"@type":"Organization","@id":"https:\/\/heritagehubkrakow.org\/pl\/#organization","name":"Europa Nostra","url":"https:\/\/heritagehubkrakow.org\/pl\/","logo":{"@type":"ImageObject","inLanguage":"pl-PL","@id":"https:\/\/heritagehubkrakow.org\/pl\/#\/schema\/logo\/image\/","url":"https:\/\/heritagehubkrakow.org\/wp-content\/uploads\/2023\/01\/europa-logo.png","contentUrl":"https:\/\/heritagehubkrakow.org\/wp-content\/uploads\/2023\/01\/europa-logo.png","width":218,"height":237,"caption":"Europa Nostra"},"image":{"@id":"https:\/\/heritagehubkrakow.org\/pl\/#\/schema\/logo\/image\/"}}]}},"_links":{"self":[{"href":"https:\/\/heritagehubkrakow.org\/pl\/wp-json\/wp\/v2\/pages\/5564","targetHints":{"allow":["GET"]}}],"collection":[{"href":"https:\/\/heritagehubkrakow.org\/pl\/wp-json\/wp\/v2\/pages"}],"about":[{"href":"https:\/\/heritagehubkrakow.org\/pl\/wp-json\/wp\/v2\/types\/page"}],"author":[{"embeddable":true,"href":"https:\/\/heritagehubkrakow.org\/pl\/wp-json\/wp\/v2\/users\/1"}],"replies":[{"embeddable":true,"href":"https:\/\/heritagehubkrakow.org\/pl\/wp-json\/wp\/v2\/comments?post=5564"}],"version-history":[{"count":12,"href":"https:\/\/heritagehubkrakow.org\/pl\/wp-json\/wp\/v2\/pages\/5564\/revisions"}],"predecessor-version":[{"id":8210,"href":"https:\/\/heritagehubkrakow.org\/pl\/wp-json\/wp\/v2\/pages\/5564\/revisions\/8210"}],"wp:featuredmedia":[{"embeddable":true,"href":"https:\/\/heritagehubkrakow.org\/pl\/wp-json\/wp\/v2\/media\/646"}],"wp:attachment":[{"href":"https:\/\/heritagehubkrakow.org\/pl\/wp-json\/wp\/v2\/media?parent=5564"}],"curies":[{"name":"wp","href":"https:\/\/api.w.org\/{rel}","templated":true}]}}