{"id":681,"date":"2023-01-11T14:53:48","date_gmt":"2023-01-11T14:53:48","guid":{"rendered":"https:\/\/heritagehubkrakow.org\/resources\/"},"modified":"2023-02-08T08:32:04","modified_gmt":"2023-02-08T08:32:04","slug":"resources","status":"publish","type":"page","link":"https:\/\/heritagehubkrakow.org\/pl\/resources\/","title":{"rendered":"Zasoby"},"content":{"rendered":"\n<div class=\"is-style-section-container wp-block-group alignfull has-red-background-color has-background eplus-wrapper is-layout-constrained wp-block-group-is-layout-constrained\"><div class=\"has-white-text wp-block-group alignfull has-white-color has-red-background-color has-text-color has-background eplus-wrapper is-layout-constrained wp-block-group-is-layout-constrained eplus-styles-uid-3cefcf\"><h1 class=\"has-text-align-center eplus-wrapper wp-block-heading eplus-styles-uid-1ff005\">Zasoby<\/h1>\n\n<div class=\"yoast-breadcrumbs\"><span><span><a href=\"https:\/\/heritagehubkrakow.org\/pl\/\">Homepage<\/a><\/span> &#8211; <span class=\"breadcrumb_last\" aria-current=\"page\">Zasoby<\/span><\/span><\/div><\/div><\/div>\n\n<div class=\"is-style-section-container wp-block-group alignfull has-blue-light-background-color has-background eplus-wrapper is-layout-constrained wp-block-group-is-layout-constrained\">\n<div class=\"cpt-list cpt-list-wide alignfull\">\n    <div class=\"cpt-list__posts\">\n                    <div class=\"cpt-list__posts-container\">\n                \n<div class=\"cpt-list__post\">\n        <div class=\"cpt-list__post-text\">\n                    <div class=\"cpt-list__post-title-wrapper\"><h3 class=\"cpt-list__post-title\">Historyczne Studia nad Europ\u0105 \u015arodkow\u0105<\/h3><\/div>\n                    <p class=\"cpt-list__post-excerpt\">Historyczne Studia nad Europ\u0105 \u015arodkow\u0105 [Historical Studies on Central Europe] (HSCE) to czasopismo wydawane przez Wydzia\u0142 Humanistyczny Uniwersytetu E\u00f6tv\u00f6s Lor\u00e1nd w Budapeszcie. HSCE to nowy periodyk historyczny, kt\u00f3rego pierwsz\u0105 seri\u0105 jest rocznik Annales Universitatis Scientiarum Budapestinensis de Rolando E\u00f6tv\u00f6s nominatae Sectio Historica. Zgodnie ze swoim multidyscyplinarnym charakterem, HSCE jest przeznaczone dla autor\u00f3w z r\u00f3\u017cnych dziedzin bada\u0144 historycznych w szerokim, interdyscyplinarnym duchu, w tym etnologii i archeologii. Zgodnie ze swoj\u0105 nazw\u0105, czasopismo koncentruje si\u0119 na historii Europy \u015arodkowej: regionie skrzy\u017cowa\u0144 i punkt\u00f3w spotka\u0144, gdzie na przestrzeni wiek\u00f3w w szczeg\u00f3lny spos\u00f3b oddzia\u0142ywa\u0142y na siebie r\u00f3\u017cne grupy etniczne, wyznania, tradycje i podmioty polityczne. Poniewa\u017c definicja regionu r\u00f3\u017cni si\u0119 w zale\u017cno\u015bci od wieku i dyscypliny (mo\u017ce oznacza\u0107 imperium Habsburg\u00f3w, terytorium rozci\u0105gaj\u0105ce si\u0119 od Morza Ba\u0142tyckiego do Adriatyku lub od obszar\u00f3w niemieckoj\u0119zycznych po Ba\u0142kany), HSCE oferuje forum dla refleksyjnych interpretacji tego regionu. Opr\u00f3cz opracowa\u0144, kt\u00f3re dotycz\u0105 konkretnie historii regionu, redaktorzy przyjmuj\u0105 artyku\u0142y, kt\u00f3re maj\u0105 znaczenie metodologiczne i \/ lub teoretyczne dla badania proces\u00f3w historycznych.\n\nZgodnie z koncepcj\u0105 redakcji, ka\u017cdy numer sk\u0142ada si\u0119 z trzech do pi\u0119ciu blok\u00f3w tematycznych, z kt\u00f3rych ka\u017cdy zawiera od dw\u00f3ch do czterech opracowa\u0144. HSCE jest r\u00f3wnie\u017c otwarte na publikowanie indywidualnych artyku\u0142\u00f3w. Redaktorzy zobowi\u0105zali si\u0119 do stworzenia kolumny dla recenzji zar\u00f3wno z kr\u00f3tszymi jak i polecanymi recenzjami ksi\u0105\u017cek, a tak\u017ce do artyku\u0142\u00f3w przegl\u0105dowych krytycznie podchodz\u0105cych do najnowszych publikacji naukowych. Ponadto periodyk publikuje regularne raporty na temat bie\u017c\u0105cych projekt\u00f3w badawczych w celu rozpowszechniania informacji o projektach realizowanych w Europie \u015arodkowej.\n\nCo wi\u0119cej, HSCE zamierza zbudowa\u0107 interdyscyplinarn\u0105 platform\u0119 s\u0142u\u017c\u0105c\u0105 wzmocnieniu dialogu i rozpowszechnianiu nowych odkry\u0107 i ustale\u0144 dotycz\u0105cych Europy \u015arodkowej, regionu, kt\u00f3rego wyniki bada\u0144 maj\u0105 ograniczony obieg w mi\u0119dzynarodowej nauce ze wzgl\u0119du na bariery j\u0119zykowe, a tak\u017ce dlatego, \u017ce na badania silny wp\u0142yw maj\u0105 narracje narodowe. Cel ten jest wspierany przez fakt, \u017ce HSCE jest czasopismem o otwartym dost\u0119pie, wydawanym dwa razy w roku i dost\u0119pnym zar\u00f3wno w formie drukowanej, jak i internetowej. <\/p>\n                        <div class=\"cpt-list__post-file-container\">\n                    <a href=\"\" class=\"cpt-list__post-file\"><\/a>\n                    <div class=\"cpt-list__post-file-metadata\">\n                                                <span><\/span>\n                        <span>Size:<\/span>\n                        <span>0 MB<\/span>\n                    <\/div>\n                <\/div>\n                        <a href=\"https:\/\/ojs.elte.hu\/hsce\/issue\/archive\" class=\"cpt-list__post-button\" target=\"_blank\">Check more<\/a>\n            <\/div>\n<\/div>\n<div class=\"cpt-list__post\">\n        <div class=\"cpt-list__post-text\">\n                    <div class=\"cpt-list__post-title-wrapper\"><h3 class=\"cpt-list__post-title\">W imi\u0119 socjalizmu, w cieniu monarchii: powojenna opieka nad zabytkami w Europie \u015arodkowej<\/h3><\/div>\n                    <p class=\"cpt-list__post-excerpt\"> \n\n\u201eW imi\u0119 socjalizmu, w cieniu monarchii: powojenna opieka nad zabytkami w Europie \u015arodkowej\u201d [In the Name of Socialism, in the Shadow of the Monarchy: Post-War Monument Care in Central Europe], Kristina Uhl\u00edkov\u00e1, Jakub Bacht\u00edk, Tereza Johanidesov\u00e1 (red.); \n\nPublikacja bada podej\u015bcie do dziedzictwa architektonicznego i urbanistycznego, rozw\u00f3j ochrony dziedzictwa oraz jego najwa\u017cniejsze tematy w Europie \u015arodkowej po 1945 roku, obszarze, na kt\u00f3rym perspektywy konserwator\u00f3w i historyk\u00f3w zderza\u0142y si\u0119 w obliczu burzliwych zmian politycznych i spo\u0142ecznych. Ksi\u0105\u017cka powsta\u0142a na bazie konferencji na ten sam temat, kt\u00f3ra odby\u0142a si\u0119 w 2021 roku. Prezentuj\u0105c szeroko poj\u0119ty wk\u0142ad w dyscyplin\u0119 oraz szczeg\u00f3\u0142owe eksploracje poszczeg\u00f3lnych temat\u00f3w poprzez indywidualne przyk\u0142ady zabytk\u00f3w i studia przypadk\u00f3w, zarysowuje aktualny stan wiedzy na temat powojennej opieki nad zabytkami w Europie \u015arodkowej. \n\nPraga 2022: Artefactum i Narodowy Instytut Dziedzictwa;\n\nDOI: 10.54759\/artefactum.2023.01.782;\n\nISBN 978-80-88283-78-2 <\/p>\n                        <div class=\"cpt-list__post-file-container\">\n                    <a href=\"\" class=\"cpt-list__post-file\"><\/a>\n                    <div class=\"cpt-list__post-file-metadata\">\n                                                <span><\/span>\n                        <span>Size:<\/span>\n                        <span>0 MB<\/span>\n                    <\/div>\n                <\/div>\n                        <a href=\"https:\/\/www.udu.cas.cz\/en\/knihy\/in-the-name-of-socialism-in-the-shadow-of-the-monarchy\" class=\"cpt-list__post-button\" target=\"_blank\">Check more<\/a>\n            <\/div>\n<\/div>\n<div class=\"cpt-list__post\">\n        <div class=\"cpt-list__post-text\">\n                    <div class=\"cpt-list__post-title-wrapper\"><h3 class=\"cpt-list__post-title\">Ochrona dziedzictwa kulturowego przed konfliktami zbrojnymi na Ukrainie i poza jej granicami<\/h3><\/div>\n                    <p class=\"cpt-list__post-excerpt\">&#8222;Research for CULT Committee &#8211; Protecting Cultural Heritage from Armed Conflicts in Ukraine and Beyond [Ochrona dziedzictwa kulturowego przed konfliktami zbrojnymi na Ukrainie i poza jej granicami]&#8221; bada, w jaki spos\u00f3b dziedzictwo kulturowe mo\u017ce by\u0107 lepiej chronione przed skutkami konflikt\u00f3w zbrojnych na Ukrainie i poza jej granicami. Studium obejmuje analiz\u0119 obowi\u0105zuj\u0105cego prawa mi\u0119dzynarodowego i ram politycznych oraz praktyki kluczowych mi\u0119dzynarodowych podmiot\u00f3w na Ukrainie, jak r\u00f3wnie\u017c w poprzednich konfliktach. W zako\u0144czeniu przedstawiono zestaw konkretnych zalece\u0144 dla UE i jej pa\u0144stw cz\u0142onkowskich dotycz\u0105cych wzmocnienia ochrony dziedzictwa kulturowego przed skutkami konflikt\u00f3w zbrojnych, teraz i w przysz\u0142o\u015bci. \nKomisja Kultury i Edukacji Parlamentu Europejskiego, Departament Polityki Strukturalnej i Sp\u00f3jno\u015bci,\nDyrekcja Generalna ds. Polityki Wewn\u0119trznej, Bruksela, 2023,\nAutor zewn\u0119trzny:\nEvelien CAMPFENS, Andrzej JAKUBOWSKI, Kristin HAUSLER &amp; Elke SELTER, z wk\u0142adem: Kateryna BUSOL, Elmira ABLYALIMOVA-CHYIHOZ, Dmytro KOVAL &amp; Denys YASHNYI<\/p>\n                        <div class=\"cpt-list__post-file-container\">\n                    <a href=\"\" class=\"cpt-list__post-file\"><\/a>\n                    <div class=\"cpt-list__post-file-metadata\">\n                                                <span><\/span>\n                        <span>Size:<\/span>\n                        <span>0 MB<\/span>\n                    <\/div>\n                <\/div>\n                        <a href=\"https:\/\/research4committees.blog\/2023\/03\/21\/publication-protecting-cultural-heritage-from-armed-conflicts-in-ukraine-and-beyond\/\" class=\"cpt-list__post-button\" target=\"_blank\">Check more<\/a>\n            <\/div>\n<\/div>\n<div class=\"cpt-list__post\">\n        <div class=\"cpt-list__post-text\">\n                    <div class=\"cpt-list__post-title-wrapper\"><h3 class=\"cpt-list__post-title\">W obliczu wojny, dzia\u0142ania UNESCO na Ukrainie<\/h3><\/div>\n                    <p class=\"cpt-list__post-excerpt\">W wyniku wojny na Ukrainie UNESCO zmobilizowa\u0142o si\u0119 do pot\u0119pienia przemocy wobec dziennikarzy, promowania znaczenia, a tym samym ochrony instytucji kulturalnych, a tak\u017ce pracy na rzecz utrzymania edukacji w celu zapewnienia w\u0142\u0105czaj\u0105cej i sprawiedliwej edukacji wysokiej jako\u015bci oraz promowania mo\u017cliwo\u015bci uczenia si\u0119 przez ca\u0142e \u017cycie na Ukrainie. W zwi\u0105zku z tym, \u017ce 24 lutego 2023 roku min\u0105\u0142 rok od rozpocz\u0119cia wojny, UNESCO podsumowuje swoje dzia\u0142ania w dziedzinie kultury, edukacji, komunikacji i informacji. Niniejszy materia\u0142 prasowy przedstawia \u015brodki nadzwyczajne wdro\u017cone przez UNESCO, a tak\u017ce kolejne etapy pracy UNESCO na Ukrainie, w szczeg\u00f3lno\u015bci w ramach przygotowa\u0144 do odbudowy kraju. Materia\u0142 prasowy zawiera r\u00f3wnie\u017c cz\u0119\u015b\u0107 po\u015bwi\u0119con\u0105 ochronie ukrai\u0144skiego dziedzictwa kulturowego oraz ukrai\u0144skich dzie\u0142 sztuki.<\/p>\n                        <div class=\"cpt-list__post-file-container\">\n                    <a href=\"\" class=\"cpt-list__post-file\"><\/a>\n                    <div class=\"cpt-list__post-file-metadata\">\n                                                <span><\/span>\n                        <span>Size:<\/span>\n                        <span>0 MB<\/span>\n                    <\/div>\n                <\/div>\n                        <a href=\"https:\/\/www.unesco.org\/en\/ukraine-war\" class=\"cpt-list__post-button\" target=\"_blank\">Check more<\/a>\n            <\/div>\n<\/div>\n<div class=\"cpt-list__post\">\n        <div class=\"cpt-list__post-text\">\n                    <div class=\"cpt-list__post-title-wrapper\"><h3 class=\"cpt-list__post-title\">Rekomendacja Warszawska w sprawie odbudowy i rekonstrukcji dziedzictwa kulturowego<\/h3><\/div>\n                    <p class=\"cpt-list__post-excerpt\">\u201eRekomendacja Warszawska w sprawie odbudowy i rekonstrukcji dziedzictwa kulturowego\u201d [The Warsaw Recommendation on Recovery and Reconstruction of Cultural Heritage] powsta\u0142a podczas mi\u0119dzynarodowej konferencji \u201eWyzwania zwi\u0105zane z odbudow\u0105 \u015bwiatowego dziedzictwa&#8221; [The Challenges of World Heritage Recovery] w 2018 roku. Dokument zawiera najwa\u017cniejsze zagadnienia dotycz\u0105ce odbudowy zniszczonych obiekt\u00f3w kultury. Rekomendacja powsta\u0142a przy udziale UNESCO, ICOMOS, ICCROM, UNISDR, Banku \u015awiatowego, \u015awiatowego Sojuszu na rzecz Przeciwdzia\u0142ania Kryzysom Miejskim oraz przedstawicieli wszystkich region\u00f3w \u015bwiata. \nWarszawa: Narodowy Instytut Dziedzictwa; 2018, 2022<\/p>\n                        <div class=\"cpt-list__post-file-container\">\n                    <a href=\"\" class=\"cpt-list__post-file\"><\/a>\n                    <div class=\"cpt-list__post-file-metadata\">\n                                                <span><\/span>\n                        <span>Size:<\/span>\n                        <span>0 MB<\/span>\n                    <\/div>\n                <\/div>\n                        <a href=\"https:\/\/ukraina.nid.pl\/en\/centrum-pomocy-dla-kultury-na-ukrainie-4\/\" class=\"cpt-list__post-button\" target=\"_blank\">Check more<\/a>\n            <\/div>\n<\/div>\n<div class=\"cpt-list__post\">\n        <div class=\"cpt-list__post-text\">\n                    <div class=\"cpt-list__post-title-wrapper\"><h3 class=\"cpt-list__post-title\">Raport z dzia\u0142alno\u015bci na rzecz ratowania kultury ukrai\u0144skiej<\/h3><\/div>\n                    <p class=\"cpt-list__post-excerpt\">Raport \u201eZachowa\u0107 kultur\u0119 Ukrainy\u201d (Luty 2022 &#8211; Grudzie\u0144 2022) powsta\u0142 jako podsumowanie dzia\u0142a\u0144 prowadzonych przez Polskie Centrum Pomocy dla Kultury na Ukrainie dzia\u0142aj\u0105cego w ramach struktury Narodowego Instytutu Dziedzictwa Kulturowego (NID). To jedno z pierwszych opracowa\u0144, kt\u00f3re w spos\u00f3b kompleksowy przedstawia problematyk\u0119 zniszcze\u0144 dziedzictwa kulturowego i wskazuje na konieczno\u015b\u0107 podj\u0119cia przez wsp\u00f3lnot\u0119 mi\u0119dzynarodow\u0105 dzia\u0142a\u0144 w celu skuteczniejszej ochrony kultury w czasie konfliktu zbrojnego.<\/p>\n                        <div class=\"cpt-list__post-file-container\">\n                    <a href=\"\" class=\"cpt-list__post-file\"><\/a>\n                    <div class=\"cpt-list__post-file-metadata\">\n                                                <span><\/span>\n                        <span>Size:<\/span>\n                        <span>0 MB<\/span>\n                    <\/div>\n                <\/div>\n                        <a href=\"https:\/\/ukraina.nid.pl\/en\/saving-ukraine-s-culture-report-on-the-activities-of-the-support-center-for-culture-in-ukraine\/\" class=\"cpt-list__post-button\" target=\"_blank\">Check more<\/a>\n            <\/div>\n<\/div>            <\/div>\n        \n                    <div class=\"cpt-list__nav\">\n                <span aria-current=\"page\" class=\"page-numbers current\">1<\/span>\n<a class=\"page-numbers\" href=\"https:\/\/heritagehubkrakow.org\/pl\/wp-json\/wp\/v2\/pages\/681\/page\/2\">2<\/a>\n<a class=\"next page-numbers\" href=\"https:\/\/heritagehubkrakow.org\/pl\/wp-json\/wp\/v2\/pages\/681\/page\/2\">next<\/a>            <\/div>\n            <\/div>\n<\/div><\/div>\n","protected":false},"excerpt":{"rendered":"<p>Zasoby<\/p>\n","protected":false},"author":1,"featured_media":0,"parent":0,"menu_order":49,"comment_status":"closed","ping_status":"closed","template":"","meta":{"_acf_changed":false,"editor_plus_copied_stylings":"{}","footnotes":""},"class_list":["post-681","page","type-page","status-publish","hentry"],"acf":false,"yoast_head":"<!-- This site is optimized with the Yoast SEO plugin v23.8 - https:\/\/yoast.com\/wordpress\/plugins\/seo\/ -->\n<title>Zasoby - Europa Nostra<\/title>\n<meta name=\"robots\" content=\"index, follow, max-snippet:-1, max-image-preview:large, max-video-preview:-1\" \/>\n<link rel=\"canonical\" href=\"https:\/\/heritagehubkrakow.org\/pl\/resources\/\" \/>\n<meta property=\"og:locale\" content=\"pl_PL\" \/>\n<meta property=\"og:type\" content=\"article\" \/>\n<meta property=\"og:title\" content=\"Zasoby - Europa Nostra\" \/>\n<meta property=\"og:description\" content=\"Zasoby\" \/>\n<meta property=\"og:url\" content=\"https:\/\/heritagehubkrakow.org\/pl\/resources\/\" \/>\n<meta property=\"og:site_name\" content=\"Europa Nostra\" \/>\n<meta property=\"article:modified_time\" content=\"2023-02-08T08:32:04+00:00\" \/>\n<meta name=\"twitter:card\" content=\"summary_large_image\" \/>\n<script type=\"application\/ld+json\" class=\"yoast-schema-graph\">{\"@context\":\"https:\/\/schema.org\",\"@graph\":[{\"@type\":\"WebPage\",\"@id\":\"https:\/\/heritagehubkrakow.org\/pl\/resources\/\",\"url\":\"https:\/\/heritagehubkrakow.org\/pl\/resources\/\",\"name\":\"Zasoby - Europa Nostra\",\"isPartOf\":{\"@id\":\"https:\/\/heritagehubkrakow.org\/pl\/#website\"},\"datePublished\":\"2023-01-11T14:53:48+00:00\",\"dateModified\":\"2023-02-08T08:32:04+00:00\",\"breadcrumb\":{\"@id\":\"https:\/\/heritagehubkrakow.org\/pl\/resources\/#breadcrumb\"},\"inLanguage\":\"pl-PL\",\"potentialAction\":[{\"@type\":\"ReadAction\",\"target\":[\"https:\/\/heritagehubkrakow.org\/pl\/resources\/\"]}]},{\"@type\":\"BreadcrumbList\",\"@id\":\"https:\/\/heritagehubkrakow.org\/pl\/resources\/#breadcrumb\",\"itemListElement\":[{\"@type\":\"ListItem\",\"position\":1,\"name\":\"Homepage\",\"item\":\"https:\/\/heritagehubkrakow.org\/pl\/\"},{\"@type\":\"ListItem\",\"position\":2,\"name\":\"Zasoby\"}]},{\"@type\":\"WebSite\",\"@id\":\"https:\/\/heritagehubkrakow.org\/pl\/#website\",\"url\":\"https:\/\/heritagehubkrakow.org\/pl\/\",\"name\":\"Europa Nostra\",\"description\":\"Heritage Hub for Central and Eastern Europe\",\"publisher\":{\"@id\":\"https:\/\/heritagehubkrakow.org\/pl\/#organization\"},\"potentialAction\":[{\"@type\":\"SearchAction\",\"target\":{\"@type\":\"EntryPoint\",\"urlTemplate\":\"https:\/\/heritagehubkrakow.org\/pl\/?s={search_term_string}\"},\"query-input\":{\"@type\":\"PropertyValueSpecification\",\"valueRequired\":true,\"valueName\":\"search_term_string\"}}],\"inLanguage\":\"pl-PL\"},{\"@type\":\"Organization\",\"@id\":\"https:\/\/heritagehubkrakow.org\/pl\/#organization\",\"name\":\"Europa Nostra\",\"url\":\"https:\/\/heritagehubkrakow.org\/pl\/\",\"logo\":{\"@type\":\"ImageObject\",\"inLanguage\":\"pl-PL\",\"@id\":\"https:\/\/heritagehubkrakow.org\/pl\/#\/schema\/logo\/image\/\",\"url\":\"https:\/\/heritagehubkrakow.org\/wp-content\/uploads\/2023\/01\/europa-logo.png\",\"contentUrl\":\"https:\/\/heritagehubkrakow.org\/wp-content\/uploads\/2023\/01\/europa-logo.png\",\"width\":218,\"height\":237,\"caption\":\"Europa Nostra\"},\"image\":{\"@id\":\"https:\/\/heritagehubkrakow.org\/pl\/#\/schema\/logo\/image\/\"}}]}<\/script>\n<!-- \/ Yoast SEO plugin. -->","yoast_head_json":{"title":"Zasoby - Europa Nostra","robots":{"index":"index","follow":"follow","max-snippet":"max-snippet:-1","max-image-preview":"max-image-preview:large","max-video-preview":"max-video-preview:-1"},"canonical":"https:\/\/heritagehubkrakow.org\/pl\/resources\/","og_locale":"pl_PL","og_type":"article","og_title":"Zasoby - Europa Nostra","og_description":"Zasoby","og_url":"https:\/\/heritagehubkrakow.org\/pl\/resources\/","og_site_name":"Europa Nostra","article_modified_time":"2023-02-08T08:32:04+00:00","twitter_card":"summary_large_image","schema":{"@context":"https:\/\/schema.org","@graph":[{"@type":"WebPage","@id":"https:\/\/heritagehubkrakow.org\/pl\/resources\/","url":"https:\/\/heritagehubkrakow.org\/pl\/resources\/","name":"Zasoby - Europa Nostra","isPartOf":{"@id":"https:\/\/heritagehubkrakow.org\/pl\/#website"},"datePublished":"2023-01-11T14:53:48+00:00","dateModified":"2023-02-08T08:32:04+00:00","breadcrumb":{"@id":"https:\/\/heritagehubkrakow.org\/pl\/resources\/#breadcrumb"},"inLanguage":"pl-PL","potentialAction":[{"@type":"ReadAction","target":["https:\/\/heritagehubkrakow.org\/pl\/resources\/"]}]},{"@type":"BreadcrumbList","@id":"https:\/\/heritagehubkrakow.org\/pl\/resources\/#breadcrumb","itemListElement":[{"@type":"ListItem","position":1,"name":"Homepage","item":"https:\/\/heritagehubkrakow.org\/pl\/"},{"@type":"ListItem","position":2,"name":"Zasoby"}]},{"@type":"WebSite","@id":"https:\/\/heritagehubkrakow.org\/pl\/#website","url":"https:\/\/heritagehubkrakow.org\/pl\/","name":"Europa Nostra","description":"Heritage Hub for Central and Eastern Europe","publisher":{"@id":"https:\/\/heritagehubkrakow.org\/pl\/#organization"},"potentialAction":[{"@type":"SearchAction","target":{"@type":"EntryPoint","urlTemplate":"https:\/\/heritagehubkrakow.org\/pl\/?s={search_term_string}"},"query-input":{"@type":"PropertyValueSpecification","valueRequired":true,"valueName":"search_term_string"}}],"inLanguage":"pl-PL"},{"@type":"Organization","@id":"https:\/\/heritagehubkrakow.org\/pl\/#organization","name":"Europa Nostra","url":"https:\/\/heritagehubkrakow.org\/pl\/","logo":{"@type":"ImageObject","inLanguage":"pl-PL","@id":"https:\/\/heritagehubkrakow.org\/pl\/#\/schema\/logo\/image\/","url":"https:\/\/heritagehubkrakow.org\/wp-content\/uploads\/2023\/01\/europa-logo.png","contentUrl":"https:\/\/heritagehubkrakow.org\/wp-content\/uploads\/2023\/01\/europa-logo.png","width":218,"height":237,"caption":"Europa Nostra"},"image":{"@id":"https:\/\/heritagehubkrakow.org\/pl\/#\/schema\/logo\/image\/"}}]}},"_links":{"self":[{"href":"https:\/\/heritagehubkrakow.org\/pl\/wp-json\/wp\/v2\/pages\/681","targetHints":{"allow":["GET"]}}],"collection":[{"href":"https:\/\/heritagehubkrakow.org\/pl\/wp-json\/wp\/v2\/pages"}],"about":[{"href":"https:\/\/heritagehubkrakow.org\/pl\/wp-json\/wp\/v2\/types\/page"}],"author":[{"embeddable":true,"href":"https:\/\/heritagehubkrakow.org\/pl\/wp-json\/wp\/v2\/users\/1"}],"replies":[{"embeddable":true,"href":"https:\/\/heritagehubkrakow.org\/pl\/wp-json\/wp\/v2\/comments?post=681"}],"version-history":[{"count":7,"href":"https:\/\/heritagehubkrakow.org\/pl\/wp-json\/wp\/v2\/pages\/681\/revisions"}],"predecessor-version":[{"id":972,"href":"https:\/\/heritagehubkrakow.org\/pl\/wp-json\/wp\/v2\/pages\/681\/revisions\/972"}],"wp:attachment":[{"href":"https:\/\/heritagehubkrakow.org\/pl\/wp-json\/wp\/v2\/media?parent=681"}],"curies":[{"name":"wp","href":"https:\/\/api.w.org\/{rel}","templated":true}]}}