{"id":699,"date":"2023-02-02T08:38:30","date_gmt":"2023-02-02T08:38:30","guid":{"rendered":"https:\/\/heritagehubkrakow.org\/krakow\/"},"modified":"2023-07-11T11:43:42","modified_gmt":"2023-07-11T11:43:42","slug":"krakow","status":"publish","type":"page","link":"https:\/\/heritagehubkrakow.org\/pl\/krakow\/","title":{"rendered":"Krak\u00f3w"},"content":{"rendered":"\n<div class=\"is-style-section-container, has-white-text is-style-section-container wp-block-group alignfull has-red-background-color has-background eplus-wrapper is-layout-constrained wp-block-group-is-layout-constrained\"><div class=\"has-white-text wp-block-group alignfull has-white-color has-red-background-color has-text-color has-background eplus-wrapper is-layout-constrained wp-block-group-is-layout-constrained eplus-styles-uid-1245e8\"><h1 class=\"has-text-align-center eplus-wrapper wp-block-heading eplus-styles-uid-32c481\">Krak\u00f3w<\/h1>\n\n<h1 class=\"has-text-align-center eplus-wrapper wp-block-heading eplus-styles-uid-e64f99\"><\/h1>\n\n<div class=\"yoast-breadcrumbs\"><span><span><a href=\"https:\/\/heritagehubkrakow.org\/pl\/\">Homepage<\/a><\/span> &#8211; <span class=\"breadcrumb_last\" aria-current=\"page\">Krak\u00f3w<\/span><\/span><\/div><\/div><\/div>\n\n<div class=\"is-style-section-container wp-block-group alignfull has-blue-light-background-color has-background eplus-wrapper is-layout-constrained wp-block-group-is-layout-constrained\"><div class=\"wp-block-group alignfull has-blue-light-background-color has-background eplus-wrapper is-layout-constrained wp-block-group-is-layout-constrained eplus-styles-uid-d7ce2c\"><div class=\"wp-block-columns alignfull eplus-wrapper is-layout-flex wp-container-core-columns-is-layout-9d6595d7 wp-block-columns-is-layout-flex eplus-styles-uid-db84cc\"><div class=\"wp-block-column eplus-wrapper is-layout-flow wp-block-column-is-layout-flow eplus-styles-uid-cce089\" style=\"flex-basis:66.66%\"><h3 class=\"text-center-mobile eplus-wrapper wp-block-heading eplus-styles-uid-3d77db\"><\/h3>\n\n\n<p class=\" eplus-wrapper\"><strong>9 maja 2022, w Dniu Europy, list intencyjny w sprawie utworzenia w Krakowie Europa Nostra Heritage Hub for Central and Eastern Europe podpisali prezydent Krakowa, prof. Jacek Majchrowski i prof. Hermann Parzinger \u2013 prezydent wykonawczy Europa Nostra. <\/strong><\/p>\n\n\n\n<p class=\" eplus-wrapper\">Wyb\u00f3r Krakowa na partnera Europa Nostra w misji propagowania i rzecznictwa dla dziedzictwa na poziomie paneuropejskim nie by\u0142 przypadkowy. Podczas 41. Sesji Komitetu \u015awiatowego Dziedzictwa UNESCO, kt\u00f3rej gospodarzem w 2017 roku by\u0142 Krak\u00f3w, po raz pierwszy w historii Komitetu g\u0142os zabra\u0142y organizacje pozarz\u0105dowe. Ich przes\u0142anie na posiedzeniu odczyta\u0142a Sekretarz Generalna Europa Nostra, Sne\u0161ka Quaedvlieg-Mihailovi\u0107. Dzia\u0142alno\u015b\u0107 Huba w Krakowie jest kolejnym krokiem na rzecz wzmacniania pozycji organizacji pozarz\u0105dowych zajmuj\u0105cych si\u0119 dziedzictwem kulturowym, kt\u00f3rych tradycja w mie\u015bcie si\u0119ga XIX w.<\/p>\n\n\n\n<p class=\" eplus-wrapper\">Europa Nostra Heritage Hub zosta\u0142 pomy\u015blany jako wizyt\u00f3wka Krakowa w zakresie dzia\u0142a\u0144 prowadzonych na polu dziedzictwa kulturowego przez organizacje pozarz\u0105dowe. Dzia\u0142ania podejmowane przez Hub b\u0119d\u0105 mia\u0142y charakter dwukierunkowy \u2013 z jednej strony maj\u0105 s\u0142u\u017cy\u0107 realizacji cel\u00f3w Europa Nostra w skali Europy \u015arodkowej i Wschodniej, Polski i Krakowa (transfer wiedzy i kompetencji, sieciowanie), a z drugiej w\u0142\u0105cza\u0107 osi\u0105gni\u0119cia Krakowa w zakresie dziedzictwa kulturowego w obieg mi\u0119dzynarodowy. Dzia\u0142alno\u015b\u0107 Huba sprawi, \u017ce Krak\u00f3w stanie si\u0119 jednym najwa\u017cniejszych obywatelskich o\u015brodk\u00f3w dziedzictwa w Europie \u2013 obok Hagi i Brukseli, gdzie dzia\u0142a sekretariat Europa Nostra, Aten, gdzie tak\u017ce dzia\u0142a regionalny hub oraz kolejnych miast, jak Wenecja i Lizbona, kt\u00f3re czyni\u0105 starania o utworzenie takich europejskich biur.<\/p>\n\n\n\n<p class=\" eplus-wrapper\">W konkursie rozpisanym przez Wydzia\u0142 Kultury i Dziedzictwa Narodowego Urz\u0119du Miasta Krakowa na operatora Huba wy\u0142onione zosta\u0142o Towarzystwo Mi\u0142o\u015bnik\u00f3w Historii i Zabytk\u00f3w Krakowa.<\/p>\n<\/div>\n\n<div class=\"wp-block-column eplus-wrapper is-layout-flow wp-block-column-is-layout-flow eplus-styles-uid-29202f\" style=\"flex-basis:33.33%\"><figure class=\"is-style-fit-container wp-block-image size-large eplus-wrapper eplus-styles-uid-f441ee\"><img loading=\"lazy\" decoding=\"async\" width=\"577\" height=\"1024\" src=\"https:\/\/heritagehubkrakow.org\/wp-content\/uploads\/2023\/01\/Group-11-577x1024.png\" alt=\"\" class=\"wp-image-294\" srcset=\"https:\/\/heritagehubkrakow.org\/wp-content\/uploads\/2023\/01\/Group-11-577x1024.png 577w, https:\/\/heritagehubkrakow.org\/wp-content\/uploads\/2023\/01\/Group-11-169x300.png 169w, https:\/\/heritagehubkrakow.org\/wp-content\/uploads\/2023\/01\/Group-11.png 691w\" sizes=\"auto, (max-width: 577px) 100vw, 577px\" \/><\/figure><\/div><\/div><\/div><\/div>\n","protected":false},"excerpt":{"rendered":"<p>Krak\u00f3w 9 maja 2022, w Dniu Europy, list intencyjny w sprawie utworzenia w Krakowie Europa Nostra Heritage Hub for Central and Eastern Europe podpisali prezydent Krakowa, prof. Jacek Majchrowski i prof. Hermann Parzinger \u2013 prezydent wykonawczy Europa Nostra. Wyb\u00f3r Krakowa na partnera Europa Nostra w misji propagowania i rzecznictwa dla dziedzictwa na poziomie paneuropejskim nie [&hellip;]<\/p>\n","protected":false},"author":1,"featured_media":0,"parent":0,"menu_order":34,"comment_status":"closed","ping_status":"closed","template":"","meta":{"_acf_changed":false,"editor_plus_copied_stylings":"{}","footnotes":""},"class_list":["post-699","page","type-page","status-publish","hentry"],"acf":false,"yoast_head":"<!-- This site is optimized with the Yoast SEO plugin v23.8 - https:\/\/yoast.com\/wordpress\/plugins\/seo\/ -->\n<title>Krak\u00f3w - Europa Nostra<\/title>\n<meta name=\"robots\" content=\"index, follow, max-snippet:-1, max-image-preview:large, max-video-preview:-1\" \/>\n<link rel=\"canonical\" href=\"https:\/\/heritagehubkrakow.org\/pl\/krakow\/\" \/>\n<meta property=\"og:locale\" content=\"pl_PL\" \/>\n<meta property=\"og:type\" content=\"article\" \/>\n<meta property=\"og:title\" content=\"Krak\u00f3w - Europa Nostra\" \/>\n<meta property=\"og:description\" content=\"Krak\u00f3w 9 maja 2022, w Dniu Europy, list intencyjny w sprawie utworzenia w Krakowie Europa Nostra Heritage Hub for Central and Eastern Europe podpisali prezydent Krakowa, prof. Jacek Majchrowski i prof. Hermann Parzinger \u2013 prezydent wykonawczy Europa Nostra. Wyb\u00f3r Krakowa na partnera Europa Nostra w misji propagowania i rzecznictwa dla dziedzictwa na poziomie paneuropejskim nie [&hellip;]\" \/>\n<meta property=\"og:url\" content=\"https:\/\/heritagehubkrakow.org\/pl\/krakow\/\" \/>\n<meta property=\"og:site_name\" content=\"Europa Nostra\" \/>\n<meta property=\"article:modified_time\" content=\"2023-07-11T11:43:42+00:00\" \/>\n<meta property=\"og:image\" content=\"https:\/\/heritagehubkrakow.org\/wp-content\/uploads\/2023\/01\/Group-11-577x1024.png\" \/>\n<meta name=\"twitter:card\" content=\"summary_large_image\" \/>\n<script type=\"application\/ld+json\" class=\"yoast-schema-graph\">{\"@context\":\"https:\/\/schema.org\",\"@graph\":[{\"@type\":\"WebPage\",\"@id\":\"https:\/\/heritagehubkrakow.org\/pl\/krakow\/\",\"url\":\"https:\/\/heritagehubkrakow.org\/pl\/krakow\/\",\"name\":\"Krak\u00f3w - Europa Nostra\",\"isPartOf\":{\"@id\":\"https:\/\/heritagehubkrakow.org\/pl\/#website\"},\"primaryImageOfPage\":{\"@id\":\"https:\/\/heritagehubkrakow.org\/pl\/krakow\/#primaryimage\"},\"image\":{\"@id\":\"https:\/\/heritagehubkrakow.org\/pl\/krakow\/#primaryimage\"},\"thumbnailUrl\":\"https:\/\/heritagehubkrakow.org\/wp-content\/uploads\/2023\/01\/Group-11-577x1024.png\",\"datePublished\":\"2023-02-02T08:38:30+00:00\",\"dateModified\":\"2023-07-11T11:43:42+00:00\",\"breadcrumb\":{\"@id\":\"https:\/\/heritagehubkrakow.org\/pl\/krakow\/#breadcrumb\"},\"inLanguage\":\"pl-PL\",\"potentialAction\":[{\"@type\":\"ReadAction\",\"target\":[\"https:\/\/heritagehubkrakow.org\/pl\/krakow\/\"]}]},{\"@type\":\"ImageObject\",\"inLanguage\":\"pl-PL\",\"@id\":\"https:\/\/heritagehubkrakow.org\/pl\/krakow\/#primaryimage\",\"url\":\"https:\/\/heritagehubkrakow.org\/wp-content\/uploads\/2023\/01\/Group-11-577x1024.png\",\"contentUrl\":\"https:\/\/heritagehubkrakow.org\/wp-content\/uploads\/2023\/01\/Group-11-577x1024.png\"},{\"@type\":\"BreadcrumbList\",\"@id\":\"https:\/\/heritagehubkrakow.org\/pl\/krakow\/#breadcrumb\",\"itemListElement\":[{\"@type\":\"ListItem\",\"position\":1,\"name\":\"Homepage\",\"item\":\"https:\/\/heritagehubkrakow.org\/pl\/\"},{\"@type\":\"ListItem\",\"position\":2,\"name\":\"Krak\u00f3w\"}]},{\"@type\":\"WebSite\",\"@id\":\"https:\/\/heritagehubkrakow.org\/pl\/#website\",\"url\":\"https:\/\/heritagehubkrakow.org\/pl\/\",\"name\":\"Europa Nostra\",\"description\":\"Heritage Hub for Central and Eastern Europe\",\"publisher\":{\"@id\":\"https:\/\/heritagehubkrakow.org\/pl\/#organization\"},\"potentialAction\":[{\"@type\":\"SearchAction\",\"target\":{\"@type\":\"EntryPoint\",\"urlTemplate\":\"https:\/\/heritagehubkrakow.org\/pl\/?s={search_term_string}\"},\"query-input\":{\"@type\":\"PropertyValueSpecification\",\"valueRequired\":true,\"valueName\":\"search_term_string\"}}],\"inLanguage\":\"pl-PL\"},{\"@type\":\"Organization\",\"@id\":\"https:\/\/heritagehubkrakow.org\/pl\/#organization\",\"name\":\"Europa Nostra\",\"url\":\"https:\/\/heritagehubkrakow.org\/pl\/\",\"logo\":{\"@type\":\"ImageObject\",\"inLanguage\":\"pl-PL\",\"@id\":\"https:\/\/heritagehubkrakow.org\/pl\/#\/schema\/logo\/image\/\",\"url\":\"https:\/\/heritagehubkrakow.org\/wp-content\/uploads\/2023\/01\/europa-logo.png\",\"contentUrl\":\"https:\/\/heritagehubkrakow.org\/wp-content\/uploads\/2023\/01\/europa-logo.png\",\"width\":218,\"height\":237,\"caption\":\"Europa Nostra\"},\"image\":{\"@id\":\"https:\/\/heritagehubkrakow.org\/pl\/#\/schema\/logo\/image\/\"}}]}<\/script>\n<!-- \/ Yoast SEO plugin. -->","yoast_head_json":{"title":"Krak\u00f3w - Europa Nostra","robots":{"index":"index","follow":"follow","max-snippet":"max-snippet:-1","max-image-preview":"max-image-preview:large","max-video-preview":"max-video-preview:-1"},"canonical":"https:\/\/heritagehubkrakow.org\/pl\/krakow\/","og_locale":"pl_PL","og_type":"article","og_title":"Krak\u00f3w - Europa Nostra","og_description":"Krak\u00f3w 9 maja 2022, w Dniu Europy, list intencyjny w sprawie utworzenia w Krakowie Europa Nostra Heritage Hub for Central and Eastern Europe podpisali prezydent Krakowa, prof. Jacek Majchrowski i prof. Hermann Parzinger \u2013 prezydent wykonawczy Europa Nostra. Wyb\u00f3r Krakowa na partnera Europa Nostra w misji propagowania i rzecznictwa dla dziedzictwa na poziomie paneuropejskim nie [&hellip;]","og_url":"https:\/\/heritagehubkrakow.org\/pl\/krakow\/","og_site_name":"Europa Nostra","article_modified_time":"2023-07-11T11:43:42+00:00","og_image":[{"url":"https:\/\/heritagehubkrakow.org\/wp-content\/uploads\/2023\/01\/Group-11-577x1024.png"}],"twitter_card":"summary_large_image","schema":{"@context":"https:\/\/schema.org","@graph":[{"@type":"WebPage","@id":"https:\/\/heritagehubkrakow.org\/pl\/krakow\/","url":"https:\/\/heritagehubkrakow.org\/pl\/krakow\/","name":"Krak\u00f3w - Europa Nostra","isPartOf":{"@id":"https:\/\/heritagehubkrakow.org\/pl\/#website"},"primaryImageOfPage":{"@id":"https:\/\/heritagehubkrakow.org\/pl\/krakow\/#primaryimage"},"image":{"@id":"https:\/\/heritagehubkrakow.org\/pl\/krakow\/#primaryimage"},"thumbnailUrl":"https:\/\/heritagehubkrakow.org\/wp-content\/uploads\/2023\/01\/Group-11-577x1024.png","datePublished":"2023-02-02T08:38:30+00:00","dateModified":"2023-07-11T11:43:42+00:00","breadcrumb":{"@id":"https:\/\/heritagehubkrakow.org\/pl\/krakow\/#breadcrumb"},"inLanguage":"pl-PL","potentialAction":[{"@type":"ReadAction","target":["https:\/\/heritagehubkrakow.org\/pl\/krakow\/"]}]},{"@type":"ImageObject","inLanguage":"pl-PL","@id":"https:\/\/heritagehubkrakow.org\/pl\/krakow\/#primaryimage","url":"https:\/\/heritagehubkrakow.org\/wp-content\/uploads\/2023\/01\/Group-11-577x1024.png","contentUrl":"https:\/\/heritagehubkrakow.org\/wp-content\/uploads\/2023\/01\/Group-11-577x1024.png"},{"@type":"BreadcrumbList","@id":"https:\/\/heritagehubkrakow.org\/pl\/krakow\/#breadcrumb","itemListElement":[{"@type":"ListItem","position":1,"name":"Homepage","item":"https:\/\/heritagehubkrakow.org\/pl\/"},{"@type":"ListItem","position":2,"name":"Krak\u00f3w"}]},{"@type":"WebSite","@id":"https:\/\/heritagehubkrakow.org\/pl\/#website","url":"https:\/\/heritagehubkrakow.org\/pl\/","name":"Europa Nostra","description":"Heritage Hub for Central and Eastern Europe","publisher":{"@id":"https:\/\/heritagehubkrakow.org\/pl\/#organization"},"potentialAction":[{"@type":"SearchAction","target":{"@type":"EntryPoint","urlTemplate":"https:\/\/heritagehubkrakow.org\/pl\/?s={search_term_string}"},"query-input":{"@type":"PropertyValueSpecification","valueRequired":true,"valueName":"search_term_string"}}],"inLanguage":"pl-PL"},{"@type":"Organization","@id":"https:\/\/heritagehubkrakow.org\/pl\/#organization","name":"Europa Nostra","url":"https:\/\/heritagehubkrakow.org\/pl\/","logo":{"@type":"ImageObject","inLanguage":"pl-PL","@id":"https:\/\/heritagehubkrakow.org\/pl\/#\/schema\/logo\/image\/","url":"https:\/\/heritagehubkrakow.org\/wp-content\/uploads\/2023\/01\/europa-logo.png","contentUrl":"https:\/\/heritagehubkrakow.org\/wp-content\/uploads\/2023\/01\/europa-logo.png","width":218,"height":237,"caption":"Europa Nostra"},"image":{"@id":"https:\/\/heritagehubkrakow.org\/pl\/#\/schema\/logo\/image\/"}}]}},"_links":{"self":[{"href":"https:\/\/heritagehubkrakow.org\/pl\/wp-json\/wp\/v2\/pages\/699","targetHints":{"allow":["GET"]}}],"collection":[{"href":"https:\/\/heritagehubkrakow.org\/pl\/wp-json\/wp\/v2\/pages"}],"about":[{"href":"https:\/\/heritagehubkrakow.org\/pl\/wp-json\/wp\/v2\/types\/page"}],"author":[{"embeddable":true,"href":"https:\/\/heritagehubkrakow.org\/pl\/wp-json\/wp\/v2\/users\/1"}],"replies":[{"embeddable":true,"href":"https:\/\/heritagehubkrakow.org\/pl\/wp-json\/wp\/v2\/comments?post=699"}],"version-history":[{"count":10,"href":"https:\/\/heritagehubkrakow.org\/pl\/wp-json\/wp\/v2\/pages\/699\/revisions"}],"predecessor-version":[{"id":2574,"href":"https:\/\/heritagehubkrakow.org\/pl\/wp-json\/wp\/v2\/pages\/699\/revisions\/2574"}],"wp:attachment":[{"href":"https:\/\/heritagehubkrakow.org\/pl\/wp-json\/wp\/v2\/media?parent=699"}],"curies":[{"name":"wp","href":"https:\/\/api.w.org\/{rel}","templated":true}]}}