{"id":707,"date":"2023-01-16T11:28:11","date_gmt":"2023-01-16T11:28:11","guid":{"rendered":"https:\/\/heritagehubkrakow.org\/contact\/"},"modified":"2026-02-25T23:38:08","modified_gmt":"2026-02-25T23:38:08","slug":"kontakt","status":"publish","type":"page","link":"https:\/\/heritagehubkrakow.org\/pl\/kontakt\/","title":{"rendered":"Kontakt"},"content":{"rendered":"\n<div class=\"is-style-section-container, has-white-text is-style-section-container wp-block-group alignfull has-red-background-color has-background eplus-wrapper is-layout-constrained wp-block-group-is-layout-constrained\"><div class=\"has-white-text wp-block-group alignfull has-white-color has-red-background-color has-text-color has-background eplus-wrapper is-layout-constrained wp-block-group-is-layout-constrained eplus-styles-uid-3cefcf\"><h1 class=\" wp-block-heading has-text-align-center eplus-wrapper eplus-styles-uid-134013\">Kontakt<\/h1>\n\n<div class=\"yoast-breadcrumbs\"><span><span><a href=\"https:\/\/heritagehubkrakow.org\/pl\/\">Homepage<\/a><\/span> &#8211; <span class=\"breadcrumb_last\" aria-current=\"page\">Kontakt<\/span><\/span><\/div><\/div><\/div>\n\n\n<div class=\"is-style-section-container wp-block-group alignfull has-pink-background-color has-background eplus-wrapper is-layout-constrained wp-block-group-is-layout-constrained eplus-styles-uid-4c6cdd\">\n<div class=\"wp-block-group alignfull eplus-wrapper is-layout-constrained wp-block-group-is-layout-constrained\"><div class=\"wp-block-group alignfull eplus-wrapper is-layout-constrained wp-block-group-is-layout-constrained eplus-styles-uid-0f3332\"><h3 class=\" wp-block-heading has-text-align-center eplus-wrapper eplus-styles-uid-e1ad71\">Zesp\u00f3\u0142 Europa Nostra Heritage Hub dzia\u0142a\u0142 w latach 2022-2025. <a href=\"https:\/\/mck.krakow.pl\/europejski-hub-dziedzictwa\"><strong>Dzia\u0142ania European Heritage Hub realizowane s\u0105 w ramach Mi\u0119dzynarodowego Centrum Kultury w Krakowie<\/strong><\/a><\/h3>\n\n<div class=\"wp-block-columns alignfull eplus-wrapper is-layout-flex wp-container-core-columns-is-layout-9d6595d7 wp-block-columns-is-layout-flex eplus-styles-uid-7cf4eb\">\n<div class=\"wp-block-column eplus-wrapper is-layout-flow wp-block-column-is-layout-flow\"><h4 class=\" wp-block-heading has-text-align-center text-center-mobile eplus-wrapper eplus-styles-uid-03f563\">\u0141ukasz Pier\u00f3g<\/h4>\n\n<p class=\" has-text-align-center eplus-wrapper eplus-styles-uid-ea35f4\"><strong>Specjalista ds. komunikacji naukowej i promocji<\/strong><\/p>\n\n\n<p class=\" has-text-align-center eplus-wrapper\"><a href=\"mailto:katarzyna.jagodzinska@heritagehubkrakow.org\">lukasz.pierog@heritagehubkrakow.org<\/a><\/p>\n<\/div>\n<\/div>\n\n\n<div style=\"height:75px\" aria-hidden=\"true\" class=\" wp-block-spacer eplus-wrapper\"><\/div>\n\n\n<div class=\"wp-block-columns alignfull eplus-wrapper is-layout-flex wp-container-core-columns-is-layout-9d6595d7 wp-block-columns-is-layout-flex eplus-styles-uid-7af3a4\">\n<div class=\"wp-block-column eplus-wrapper is-layout-flow wp-block-column-is-layout-flow\"><\/div>\n\n\n\n<div class=\"wp-block-column eplus-wrapper is-layout-flow wp-block-column-is-layout-flow\"><h4 class=\" wp-block-heading has-text-align-center text-center-mobile eplus-wrapper eplus-styles-uid-03f563\"><\/h4>\n\n<p class=\" has-text-align-center eplus-wrapper eplus-styles-uid-ea35f4\"><\/p>\n\n\n<p class=\" has-text-align-center eplus-wrapper\"><\/p>\n<\/div>\n<\/div>\n\n\n<div style=\"height:75px\" aria-hidden=\"true\" class=\" wp-block-spacer eplus-wrapper\"><\/div>\n\n\n<div class=\"wp-block-columns alignfull eplus-wrapper is-layout-flex wp-container-core-columns-is-layout-9d6595d7 wp-block-columns-is-layout-flex eplus-styles-uid-0726c3\">\n<div class=\"wp-block-column eplus-wrapper is-layout-flow wp-block-column-is-layout-flow\"><h4 class=\" wp-block-heading has-text-align-center text-center-mobile eplus-wrapper eplus-styles-uid-03f563\"><\/h4>\n\n<p class=\" has-text-align-center eplus-wrapper eplus-styles-uid-ea35f4\"><\/p>\n\n\n<p class=\" has-text-align-center eplus-wrapper\"><\/p>\n\n\n\n<p class=\" has-text-align-center eplus-wrapper\"><\/p>\n<\/div>\n<\/div>\n\n\n<div style=\"height:40px\" aria-hidden=\"true\" class=\" wp-block-spacer eplus-wrapper\"><\/div>\n\n\n<div class=\"wp-block-buttons eplus-wrapper is-content-justification-center is-layout-flex wp-container-core-buttons-is-layout-16018d1d wp-block-buttons-is-layout-flex eplus-styles-uid-68586f\"><div class=\"is-style-black wp-block-button eplus-wrapper eplus-styles-uid-cf800c\"><a class=\"wp-block-button__link wp-element-button\" href=\"https:\/\/heritagehubkrakow.org\/pl\/heritage-hub-in-krakow\/\" target=\"_blank\" rel=\"noreferrer noopener\">poznaj nasz zesp\u00f3\u0142<\/a><\/div><\/div><\/div><\/div>\n<\/div>\n\n<div class=\"is-style-section-container wp-block-group alignfull has-yellow-background-color has-background eplus-wrapper is-layout-constrained wp-block-group-is-layout-constrained eplus-styles-uid-4c6cdd\"><div class=\"wp-block-group alignfull eplus-wrapper is-layout-constrained wp-block-group-is-layout-constrained eplus-styles-uid-4c6cdd\"><div class=\"ep-custom-column wp-block-columns alignfull eplus-wrapper is-layout-flex wp-container-core-columns-is-layout-9d6595d7 wp-block-columns-is-layout-flex eplus-styles-uid-50c832\"><div class=\"wp-block-column eplus-wrapper is-layout-flow wp-block-column-is-layout-flow eplus-styles-uid-1524c2\"><div class=\"wp-block-group eplus-wrapper is-layout-constrained wp-block-group-is-layout-constrained eplus-styles-uid-9462ad\">\n    <div class=\"google-map \">\n                    <div class=\"google-map__map\" data-zoom=\"15\" data-center-lat=\"50.0585583\" data-center-lng=\"19.9387294\">\n                <div class=\"google-map__location\" data-lat=\"50.0635583\" data-lng=\"19.9387294\"><\/div>\n            <\/div>\n            <\/div>\n\n    <\/div><\/div>\n\n<div class=\"wp-block-column is-vertically-aligned-center eplus-wrapper is-layout-flow wp-block-column-is-layout-flow eplus-styles-uid-003655\"><div class=\"wp-block-group eplus-wrapper is-layout-constrained wp-block-group-is-layout-constrained eplus-styles-uid-554611\"><h3 class=\" wp-block-heading text-center-mobile eplus-wrapper eplus-styles-uid-c8168c\">Nasz adres<\/h3>\n\n<h4 class=\" wp-block-heading text-center-mobile eplus-wrapper eplus-styles-uid-e4688d\">Europa Nostra Heritage Hub<\/h4>\n\n<p class=\" eplus-wrapper eplus-styles-uid-017b14\"><strong>Towarzystwo Mi\u0142o\u015bnik\u00f3w Historii i Zabytk\u00f3w Krakowa<br>ul. \u015aw. Jana 12,<br>31-018 Krak\u00f3w<\/strong><\/p>\n\n\n<p class=\" eplus-wrapper\"><\/p>\n\n\n\n<p class=\" eplus-wrapper\">Jeste\u015bmy regionalnym centrum Europa Nostra z siedzib\u0105 w Hadze <a href=\"https:\/\/www.europanostra.org\/\">www.europanostra.org<\/a><\/p>\n<\/div><\/div><\/div><\/div><\/div>\n\n","protected":false},"excerpt":{"rendered":"<p>Kontakt Zesp\u00f3\u0142 Europa Nostra Heritage Hub dzia\u0142a\u0142 w latach 2022-2025. Dzia\u0142ania European Heritage Hub realizowane s\u0105 w ramach Mi\u0119dzynarodowego Centrum Kultury w Krakowie \u0141ukasz Pier\u00f3g Specjalista ds. komunikacji naukowej i promocji lukasz.pierog@heritagehubkrakow.org Nasz adres Europa Nostra Heritage Hub Towarzystwo Mi\u0142o\u015bnik\u00f3w Historii i Zabytk\u00f3w Krakowaul. \u015aw. Jana 12,31-018 Krak\u00f3w Jeste\u015bmy regionalnym centrum Europa Nostra z siedzib\u0105 [&hellip;]<\/p>\n","protected":false},"author":1,"featured_media":0,"parent":0,"menu_order":8,"comment_status":"closed","ping_status":"closed","template":"","meta":{"_acf_changed":false,"editor_plus_copied_stylings":"{}","footnotes":""},"class_list":["post-707","page","type-page","status-publish","hentry"],"acf":false,"yoast_head":"<!-- This site is optimized with the Yoast SEO plugin v23.8 - https:\/\/yoast.com\/wordpress\/plugins\/seo\/ -->\n<title>Kontakt - Europa Nostra<\/title>\n<meta name=\"robots\" content=\"index, follow, max-snippet:-1, max-image-preview:large, max-video-preview:-1\" \/>\n<link rel=\"canonical\" href=\"https:\/\/heritagehubkrakow.org\/pl\/kontakt\/\" \/>\n<meta property=\"og:locale\" content=\"pl_PL\" \/>\n<meta property=\"og:type\" content=\"article\" \/>\n<meta property=\"og:title\" content=\"Kontakt - Europa Nostra\" \/>\n<meta property=\"og:description\" content=\"Kontakt Zesp\u00f3\u0142 Europa Nostra Heritage Hub dzia\u0142a\u0142 w latach 2022-2025. Dzia\u0142ania European Heritage Hub realizowane s\u0105 w ramach Mi\u0119dzynarodowego Centrum Kultury w Krakowie \u0141ukasz Pier\u00f3g Specjalista ds. komunikacji naukowej i promocji lukasz.pierog@heritagehubkrakow.org Nasz adres Europa Nostra Heritage Hub Towarzystwo Mi\u0142o\u015bnik\u00f3w Historii i Zabytk\u00f3w Krakowaul. \u015aw. Jana 12,31-018 Krak\u00f3w Jeste\u015bmy regionalnym centrum Europa Nostra z siedzib\u0105 [&hellip;]\" \/>\n<meta property=\"og:url\" content=\"https:\/\/heritagehubkrakow.org\/pl\/kontakt\/\" \/>\n<meta property=\"og:site_name\" content=\"Europa Nostra\" \/>\n<meta property=\"article:modified_time\" content=\"2026-02-25T23:38:08+00:00\" \/>\n<meta name=\"twitter:card\" content=\"summary_large_image\" \/>\n<meta name=\"twitter:label1\" content=\"Szacowany czas czytania\" \/>\n\t<meta name=\"twitter:data1\" content=\"1 minuta\" \/>\n<script type=\"application\/ld+json\" class=\"yoast-schema-graph\">{\"@context\":\"https:\/\/schema.org\",\"@graph\":[{\"@type\":\"WebPage\",\"@id\":\"https:\/\/heritagehubkrakow.org\/pl\/kontakt\/\",\"url\":\"https:\/\/heritagehubkrakow.org\/pl\/kontakt\/\",\"name\":\"Kontakt - Europa Nostra\",\"isPartOf\":{\"@id\":\"https:\/\/heritagehubkrakow.org\/pl\/#website\"},\"datePublished\":\"2023-01-16T11:28:11+00:00\",\"dateModified\":\"2026-02-25T23:38:08+00:00\",\"breadcrumb\":{\"@id\":\"https:\/\/heritagehubkrakow.org\/pl\/kontakt\/#breadcrumb\"},\"inLanguage\":\"pl-PL\",\"potentialAction\":[{\"@type\":\"ReadAction\",\"target\":[\"https:\/\/heritagehubkrakow.org\/pl\/kontakt\/\"]}]},{\"@type\":\"BreadcrumbList\",\"@id\":\"https:\/\/heritagehubkrakow.org\/pl\/kontakt\/#breadcrumb\",\"itemListElement\":[{\"@type\":\"ListItem\",\"position\":1,\"name\":\"Homepage\",\"item\":\"https:\/\/heritagehubkrakow.org\/pl\/\"},{\"@type\":\"ListItem\",\"position\":2,\"name\":\"Kontakt\"}]},{\"@type\":\"WebSite\",\"@id\":\"https:\/\/heritagehubkrakow.org\/pl\/#website\",\"url\":\"https:\/\/heritagehubkrakow.org\/pl\/\",\"name\":\"Europa Nostra\",\"description\":\"Heritage Hub for Central and Eastern Europe\",\"publisher\":{\"@id\":\"https:\/\/heritagehubkrakow.org\/pl\/#organization\"},\"potentialAction\":[{\"@type\":\"SearchAction\",\"target\":{\"@type\":\"EntryPoint\",\"urlTemplate\":\"https:\/\/heritagehubkrakow.org\/pl\/?s={search_term_string}\"},\"query-input\":{\"@type\":\"PropertyValueSpecification\",\"valueRequired\":true,\"valueName\":\"search_term_string\"}}],\"inLanguage\":\"pl-PL\"},{\"@type\":\"Organization\",\"@id\":\"https:\/\/heritagehubkrakow.org\/pl\/#organization\",\"name\":\"Europa Nostra\",\"url\":\"https:\/\/heritagehubkrakow.org\/pl\/\",\"logo\":{\"@type\":\"ImageObject\",\"inLanguage\":\"pl-PL\",\"@id\":\"https:\/\/heritagehubkrakow.org\/pl\/#\/schema\/logo\/image\/\",\"url\":\"https:\/\/heritagehubkrakow.org\/wp-content\/uploads\/2023\/01\/europa-logo.png\",\"contentUrl\":\"https:\/\/heritagehubkrakow.org\/wp-content\/uploads\/2023\/01\/europa-logo.png\",\"width\":218,\"height\":237,\"caption\":\"Europa Nostra\"},\"image\":{\"@id\":\"https:\/\/heritagehubkrakow.org\/pl\/#\/schema\/logo\/image\/\"}}]}<\/script>\n<!-- \/ Yoast SEO plugin. -->","yoast_head_json":{"title":"Kontakt - Europa Nostra","robots":{"index":"index","follow":"follow","max-snippet":"max-snippet:-1","max-image-preview":"max-image-preview:large","max-video-preview":"max-video-preview:-1"},"canonical":"https:\/\/heritagehubkrakow.org\/pl\/kontakt\/","og_locale":"pl_PL","og_type":"article","og_title":"Kontakt - Europa Nostra","og_description":"Kontakt Zesp\u00f3\u0142 Europa Nostra Heritage Hub dzia\u0142a\u0142 w latach 2022-2025. Dzia\u0142ania European Heritage Hub realizowane s\u0105 w ramach Mi\u0119dzynarodowego Centrum Kultury w Krakowie \u0141ukasz Pier\u00f3g Specjalista ds. komunikacji naukowej i promocji lukasz.pierog@heritagehubkrakow.org Nasz adres Europa Nostra Heritage Hub Towarzystwo Mi\u0142o\u015bnik\u00f3w Historii i Zabytk\u00f3w Krakowaul. \u015aw. Jana 12,31-018 Krak\u00f3w Jeste\u015bmy regionalnym centrum Europa Nostra z siedzib\u0105 [&hellip;]","og_url":"https:\/\/heritagehubkrakow.org\/pl\/kontakt\/","og_site_name":"Europa Nostra","article_modified_time":"2026-02-25T23:38:08+00:00","twitter_card":"summary_large_image","twitter_misc":{"Szacowany czas czytania":"1 minuta"},"schema":{"@context":"https:\/\/schema.org","@graph":[{"@type":"WebPage","@id":"https:\/\/heritagehubkrakow.org\/pl\/kontakt\/","url":"https:\/\/heritagehubkrakow.org\/pl\/kontakt\/","name":"Kontakt - Europa Nostra","isPartOf":{"@id":"https:\/\/heritagehubkrakow.org\/pl\/#website"},"datePublished":"2023-01-16T11:28:11+00:00","dateModified":"2026-02-25T23:38:08+00:00","breadcrumb":{"@id":"https:\/\/heritagehubkrakow.org\/pl\/kontakt\/#breadcrumb"},"inLanguage":"pl-PL","potentialAction":[{"@type":"ReadAction","target":["https:\/\/heritagehubkrakow.org\/pl\/kontakt\/"]}]},{"@type":"BreadcrumbList","@id":"https:\/\/heritagehubkrakow.org\/pl\/kontakt\/#breadcrumb","itemListElement":[{"@type":"ListItem","position":1,"name":"Homepage","item":"https:\/\/heritagehubkrakow.org\/pl\/"},{"@type":"ListItem","position":2,"name":"Kontakt"}]},{"@type":"WebSite","@id":"https:\/\/heritagehubkrakow.org\/pl\/#website","url":"https:\/\/heritagehubkrakow.org\/pl\/","name":"Europa Nostra","description":"Heritage Hub for Central and Eastern Europe","publisher":{"@id":"https:\/\/heritagehubkrakow.org\/pl\/#organization"},"potentialAction":[{"@type":"SearchAction","target":{"@type":"EntryPoint","urlTemplate":"https:\/\/heritagehubkrakow.org\/pl\/?s={search_term_string}"},"query-input":{"@type":"PropertyValueSpecification","valueRequired":true,"valueName":"search_term_string"}}],"inLanguage":"pl-PL"},{"@type":"Organization","@id":"https:\/\/heritagehubkrakow.org\/pl\/#organization","name":"Europa Nostra","url":"https:\/\/heritagehubkrakow.org\/pl\/","logo":{"@type":"ImageObject","inLanguage":"pl-PL","@id":"https:\/\/heritagehubkrakow.org\/pl\/#\/schema\/logo\/image\/","url":"https:\/\/heritagehubkrakow.org\/wp-content\/uploads\/2023\/01\/europa-logo.png","contentUrl":"https:\/\/heritagehubkrakow.org\/wp-content\/uploads\/2023\/01\/europa-logo.png","width":218,"height":237,"caption":"Europa Nostra"},"image":{"@id":"https:\/\/heritagehubkrakow.org\/pl\/#\/schema\/logo\/image\/"}}]}},"_links":{"self":[{"href":"https:\/\/heritagehubkrakow.org\/pl\/wp-json\/wp\/v2\/pages\/707","targetHints":{"allow":["GET"]}}],"collection":[{"href":"https:\/\/heritagehubkrakow.org\/pl\/wp-json\/wp\/v2\/pages"}],"about":[{"href":"https:\/\/heritagehubkrakow.org\/pl\/wp-json\/wp\/v2\/types\/page"}],"author":[{"embeddable":true,"href":"https:\/\/heritagehubkrakow.org\/pl\/wp-json\/wp\/v2\/users\/1"}],"replies":[{"embeddable":true,"href":"https:\/\/heritagehubkrakow.org\/pl\/wp-json\/wp\/v2\/comments?post=707"}],"version-history":[{"count":28,"href":"https:\/\/heritagehubkrakow.org\/pl\/wp-json\/wp\/v2\/pages\/707\/revisions"}],"predecessor-version":[{"id":9388,"href":"https:\/\/heritagehubkrakow.org\/pl\/wp-json\/wp\/v2\/pages\/707\/revisions\/9388"}],"wp:attachment":[{"href":"https:\/\/heritagehubkrakow.org\/pl\/wp-json\/wp\/v2\/media?parent=707"}],"curies":[{"name":"wp","href":"https:\/\/api.w.org\/{rel}","templated":true}]}}