{"id":711,"date":"2023-01-23T18:13:12","date_gmt":"2023-01-23T18:13:12","guid":{"rendered":"https:\/\/heritagehubkrakow.org\/become-a-member\/"},"modified":"2023-07-11T11:47:38","modified_gmt":"2023-07-11T11:47:38","slug":"become-a-member","status":"publish","type":"page","link":"https:\/\/heritagehubkrakow.org\/pl\/become-a-member\/","title":{"rendered":"Cz\u0142onkostwo"},"content":{"rendered":"\n<div class=\"is-style-section-container, has-white-text is-style-section-container wp-block-group alignfull has-red-background-color has-background eplus-wrapper is-layout-constrained wp-block-group-is-layout-constrained\"><div class=\"has-white-text wp-block-group alignfull has-white-color has-red-background-color has-text-color has-background eplus-wrapper is-layout-constrained wp-block-group-is-layout-constrained eplus-styles-uid-3cefcf\"><h1 class=\"has-text-align-center eplus-wrapper wp-block-heading eplus-styles-uid-530ff4\">Zosta\u0144 <\/h1>\n\n<h1 class=\"has-text-align-center eplus-wrapper wp-block-heading eplus-styles-uid-1ff005\">cz\u0142onkiem<\/h1>\n\n<div class=\"yoast-breadcrumbs\"><span><span><a href=\"https:\/\/heritagehubkrakow.org\/pl\/\">Homepage<\/a><\/span> &#8211; <span class=\"breadcrumb_last\" aria-current=\"page\">Cz\u0142onkostwo<\/span><\/span><\/div><\/div><\/div>\n<div class=\"is-style-section-container wp-block-group alignfull has-green-dark-background-color has-background eplus-wrapper is-layout-constrained wp-block-group-is-layout-constrained eplus-styles-uid-4c6cdd\"><div class=\"wp-block-group alignfull has-green-dark-background-color has-background eplus-wrapper is-layout-constrained wp-block-group-is-layout-constrained eplus-styles-uid-24f6f4\">\n<div class=\"wp-block-group eplus-wrapper is-layout-constrained wp-block-group-is-layout-constrained\"><div class=\"wp-block-columns eplus-wrapper is-layout-flex wp-container-core-columns-is-layout-9d6595d7 wp-block-columns-is-layout-flex eplus-styles-uid-87eddb\"><div class=\"wp-block-column eplus-wrapper is-layout-flow wp-block-column-is-layout-flow eplus-styles-uid-b9a995\"><h3 class=\"has-text-align-center eplus-wrapper wp-block-heading eplus-styles-uid-0581b0\">Cz\u0142onkostwo<\/h3>\n\n\n<p class=\" eplus-wrapper\"><strong>Europa Nostra Heritage Hub for Central and Eastern Europe w Krakowie to regionalne centrum Europa Nostra, paneuropejskiej federacji skupiaj\u0105cej w czterdziestu krajach Europy organizacje zajmuj\u0105ce si\u0119 ochron\u0105, zarz\u0105dzeniem i popularyzacj\u0105 dziedzictwa kulturowego i naturalnego.<\/strong><\/p>\n\n\n<div class=\"wp-block-buttons eplus-wrapper is-layout-flex wp-block-buttons-is-layout-flex eplus-styles-uid-f3d741\"><div class=\"is-style-black wp-block-button eplus-wrapper eplus-styles-uid-010485\"><a class=\"wp-block-button__link wp-element-button\" href=\"https:\/\/www.europanostra.org\/get-involved\/join\/%20\">czytaj wi\u0119cej<\/a><\/div><\/div><\/div><\/div><\/div>\n<\/div><\/div>","protected":false},"excerpt":{"rendered":"<p>Zosta\u0144 cz\u0142onkiem Cz\u0142onkostwo Europa Nostra Heritage Hub for Central and Eastern Europe w Krakowie to regionalne centrum Europa Nostra, paneuropejskiej federacji skupiaj\u0105cej w czterdziestu krajach Europy organizacje zajmuj\u0105ce si\u0119 ochron\u0105, zarz\u0105dzeniem i popularyzacj\u0105 dziedzictwa kulturowego i naturalnego.<\/p>\n","protected":false},"author":1,"featured_media":0,"parent":0,"menu_order":10,"comment_status":"closed","ping_status":"closed","template":"","meta":{"_acf_changed":false,"editor_plus_copied_stylings":"{}","footnotes":""},"class_list":["post-711","page","type-page","status-publish","hentry"],"acf":false,"yoast_head":"<!-- This site is optimized with the Yoast SEO plugin v23.8 - https:\/\/yoast.com\/wordpress\/plugins\/seo\/ -->\n<title>Cz\u0142onkostwo - Europa Nostra<\/title>\n<meta name=\"robots\" content=\"index, follow, max-snippet:-1, max-image-preview:large, max-video-preview:-1\" \/>\n<link rel=\"canonical\" href=\"https:\/\/heritagehubkrakow.org\/pl\/become-a-member\/\" \/>\n<meta property=\"og:locale\" content=\"pl_PL\" \/>\n<meta property=\"og:type\" content=\"article\" \/>\n<meta property=\"og:title\" content=\"Cz\u0142onkostwo - Europa Nostra\" \/>\n<meta property=\"og:description\" content=\"Zosta\u0144 cz\u0142onkiem Cz\u0142onkostwo Europa Nostra Heritage Hub for Central and Eastern Europe w Krakowie to regionalne centrum Europa Nostra, paneuropejskiej federacji skupiaj\u0105cej w czterdziestu krajach Europy organizacje zajmuj\u0105ce si\u0119 ochron\u0105, zarz\u0105dzeniem i popularyzacj\u0105 dziedzictwa kulturowego i naturalnego.\" \/>\n<meta property=\"og:url\" content=\"https:\/\/heritagehubkrakow.org\/pl\/become-a-member\/\" \/>\n<meta property=\"og:site_name\" content=\"Europa Nostra\" \/>\n<meta property=\"article:modified_time\" content=\"2023-07-11T11:47:38+00:00\" \/>\n<meta name=\"twitter:card\" content=\"summary_large_image\" \/>\n<meta name=\"twitter:label1\" content=\"Szacowany czas czytania\" \/>\n\t<meta name=\"twitter:data1\" content=\"1 minuta\" \/>\n<script type=\"application\/ld+json\" class=\"yoast-schema-graph\">{\"@context\":\"https:\/\/schema.org\",\"@graph\":[{\"@type\":\"WebPage\",\"@id\":\"https:\/\/heritagehubkrakow.org\/pl\/become-a-member\/\",\"url\":\"https:\/\/heritagehubkrakow.org\/pl\/become-a-member\/\",\"name\":\"Cz\u0142onkostwo - Europa Nostra\",\"isPartOf\":{\"@id\":\"https:\/\/heritagehubkrakow.org\/pl\/#website\"},\"datePublished\":\"2023-01-23T18:13:12+00:00\",\"dateModified\":\"2023-07-11T11:47:38+00:00\",\"breadcrumb\":{\"@id\":\"https:\/\/heritagehubkrakow.org\/pl\/become-a-member\/#breadcrumb\"},\"inLanguage\":\"pl-PL\",\"potentialAction\":[{\"@type\":\"ReadAction\",\"target\":[\"https:\/\/heritagehubkrakow.org\/pl\/become-a-member\/\"]}]},{\"@type\":\"BreadcrumbList\",\"@id\":\"https:\/\/heritagehubkrakow.org\/pl\/become-a-member\/#breadcrumb\",\"itemListElement\":[{\"@type\":\"ListItem\",\"position\":1,\"name\":\"Homepage\",\"item\":\"https:\/\/heritagehubkrakow.org\/pl\/\"},{\"@type\":\"ListItem\",\"position\":2,\"name\":\"Cz\u0142onkostwo\"}]},{\"@type\":\"WebSite\",\"@id\":\"https:\/\/heritagehubkrakow.org\/pl\/#website\",\"url\":\"https:\/\/heritagehubkrakow.org\/pl\/\",\"name\":\"Europa Nostra\",\"description\":\"Heritage Hub for Central and Eastern Europe\",\"publisher\":{\"@id\":\"https:\/\/heritagehubkrakow.org\/pl\/#organization\"},\"potentialAction\":[{\"@type\":\"SearchAction\",\"target\":{\"@type\":\"EntryPoint\",\"urlTemplate\":\"https:\/\/heritagehubkrakow.org\/pl\/?s={search_term_string}\"},\"query-input\":{\"@type\":\"PropertyValueSpecification\",\"valueRequired\":true,\"valueName\":\"search_term_string\"}}],\"inLanguage\":\"pl-PL\"},{\"@type\":\"Organization\",\"@id\":\"https:\/\/heritagehubkrakow.org\/pl\/#organization\",\"name\":\"Europa Nostra\",\"url\":\"https:\/\/heritagehubkrakow.org\/pl\/\",\"logo\":{\"@type\":\"ImageObject\",\"inLanguage\":\"pl-PL\",\"@id\":\"https:\/\/heritagehubkrakow.org\/pl\/#\/schema\/logo\/image\/\",\"url\":\"https:\/\/heritagehubkrakow.org\/wp-content\/uploads\/2023\/01\/europa-logo.png\",\"contentUrl\":\"https:\/\/heritagehubkrakow.org\/wp-content\/uploads\/2023\/01\/europa-logo.png\",\"width\":218,\"height\":237,\"caption\":\"Europa Nostra\"},\"image\":{\"@id\":\"https:\/\/heritagehubkrakow.org\/pl\/#\/schema\/logo\/image\/\"}}]}<\/script>\n<!-- \/ Yoast SEO plugin. -->","yoast_head_json":{"title":"Cz\u0142onkostwo - Europa Nostra","robots":{"index":"index","follow":"follow","max-snippet":"max-snippet:-1","max-image-preview":"max-image-preview:large","max-video-preview":"max-video-preview:-1"},"canonical":"https:\/\/heritagehubkrakow.org\/pl\/become-a-member\/","og_locale":"pl_PL","og_type":"article","og_title":"Cz\u0142onkostwo - Europa Nostra","og_description":"Zosta\u0144 cz\u0142onkiem Cz\u0142onkostwo Europa Nostra Heritage Hub for Central and Eastern Europe w Krakowie to regionalne centrum Europa Nostra, paneuropejskiej federacji skupiaj\u0105cej w czterdziestu krajach Europy organizacje zajmuj\u0105ce si\u0119 ochron\u0105, zarz\u0105dzeniem i popularyzacj\u0105 dziedzictwa kulturowego i naturalnego.","og_url":"https:\/\/heritagehubkrakow.org\/pl\/become-a-member\/","og_site_name":"Europa Nostra","article_modified_time":"2023-07-11T11:47:38+00:00","twitter_card":"summary_large_image","twitter_misc":{"Szacowany czas czytania":"1 minuta"},"schema":{"@context":"https:\/\/schema.org","@graph":[{"@type":"WebPage","@id":"https:\/\/heritagehubkrakow.org\/pl\/become-a-member\/","url":"https:\/\/heritagehubkrakow.org\/pl\/become-a-member\/","name":"Cz\u0142onkostwo - Europa Nostra","isPartOf":{"@id":"https:\/\/heritagehubkrakow.org\/pl\/#website"},"datePublished":"2023-01-23T18:13:12+00:00","dateModified":"2023-07-11T11:47:38+00:00","breadcrumb":{"@id":"https:\/\/heritagehubkrakow.org\/pl\/become-a-member\/#breadcrumb"},"inLanguage":"pl-PL","potentialAction":[{"@type":"ReadAction","target":["https:\/\/heritagehubkrakow.org\/pl\/become-a-member\/"]}]},{"@type":"BreadcrumbList","@id":"https:\/\/heritagehubkrakow.org\/pl\/become-a-member\/#breadcrumb","itemListElement":[{"@type":"ListItem","position":1,"name":"Homepage","item":"https:\/\/heritagehubkrakow.org\/pl\/"},{"@type":"ListItem","position":2,"name":"Cz\u0142onkostwo"}]},{"@type":"WebSite","@id":"https:\/\/heritagehubkrakow.org\/pl\/#website","url":"https:\/\/heritagehubkrakow.org\/pl\/","name":"Europa Nostra","description":"Heritage Hub for Central and Eastern Europe","publisher":{"@id":"https:\/\/heritagehubkrakow.org\/pl\/#organization"},"potentialAction":[{"@type":"SearchAction","target":{"@type":"EntryPoint","urlTemplate":"https:\/\/heritagehubkrakow.org\/pl\/?s={search_term_string}"},"query-input":{"@type":"PropertyValueSpecification","valueRequired":true,"valueName":"search_term_string"}}],"inLanguage":"pl-PL"},{"@type":"Organization","@id":"https:\/\/heritagehubkrakow.org\/pl\/#organization","name":"Europa Nostra","url":"https:\/\/heritagehubkrakow.org\/pl\/","logo":{"@type":"ImageObject","inLanguage":"pl-PL","@id":"https:\/\/heritagehubkrakow.org\/pl\/#\/schema\/logo\/image\/","url":"https:\/\/heritagehubkrakow.org\/wp-content\/uploads\/2023\/01\/europa-logo.png","contentUrl":"https:\/\/heritagehubkrakow.org\/wp-content\/uploads\/2023\/01\/europa-logo.png","width":218,"height":237,"caption":"Europa Nostra"},"image":{"@id":"https:\/\/heritagehubkrakow.org\/pl\/#\/schema\/logo\/image\/"}}]}},"_links":{"self":[{"href":"https:\/\/heritagehubkrakow.org\/pl\/wp-json\/wp\/v2\/pages\/711","targetHints":{"allow":["GET"]}}],"collection":[{"href":"https:\/\/heritagehubkrakow.org\/pl\/wp-json\/wp\/v2\/pages"}],"about":[{"href":"https:\/\/heritagehubkrakow.org\/pl\/wp-json\/wp\/v2\/types\/page"}],"author":[{"embeddable":true,"href":"https:\/\/heritagehubkrakow.org\/pl\/wp-json\/wp\/v2\/users\/1"}],"replies":[{"embeddable":true,"href":"https:\/\/heritagehubkrakow.org\/pl\/wp-json\/wp\/v2\/comments?post=711"}],"version-history":[{"count":16,"href":"https:\/\/heritagehubkrakow.org\/pl\/wp-json\/wp\/v2\/pages\/711\/revisions"}],"predecessor-version":[{"id":2579,"href":"https:\/\/heritagehubkrakow.org\/pl\/wp-json\/wp\/v2\/pages\/711\/revisions\/2579"}],"wp:attachment":[{"href":"https:\/\/heritagehubkrakow.org\/pl\/wp-json\/wp\/v2\/media?parent=711"}],"curies":[{"name":"wp","href":"https:\/\/api.w.org\/{rel}","templated":true}]}}