{"id":798,"date":"2023-02-07T09:48:09","date_gmt":"2023-02-07T09:48:09","guid":{"rendered":"https:\/\/heritagehubkrakow.org\/europa-nostra-2\/"},"modified":"2023-06-02T08:03:01","modified_gmt":"2023-06-02T08:03:01","slug":"europa-nostra","status":"publish","type":"page","link":"https:\/\/heritagehubkrakow.org\/pl\/europa-nostra\/","title":{"rendered":"Europa Nostra"},"content":{"rendered":"\n<div class=\"is-style-section-container, has-white-text is-style-section-container wp-block-group alignfull has-red-background-color has-background eplus-wrapper is-layout-constrained wp-block-group-is-layout-constrained\"><div class=\"has-white-text wp-block-group alignfull has-white-color has-red-background-color has-text-color has-background eplus-wrapper is-layout-constrained wp-block-group-is-layout-constrained eplus-styles-uid-44fea7\"><h1 class=\"has-text-align-center eplus-wrapper wp-block-heading eplus-styles-uid-6a0887\">EUROPA NOSTRA<\/h1>\n\n<h1 class=\"has-text-align-center eplus-wrapper wp-block-heading eplus-styles-uid-6a0887\"><\/h1>\n\n\n<p class=\" eplus-wrapper\"><\/p>\n\n\n<div class=\"yoast-breadcrumbs\"><span><span><a href=\"https:\/\/heritagehubkrakow.org\/pl\/\">Homepage<\/a><\/span> &#8211; <span class=\"breadcrumb_last\" aria-current=\"page\">Europa Nostra<\/span><\/span><\/div><\/div><\/div>\n\n<div class=\"is-style-section-container wp-block-group alignfull has-blue-light-background-color has-background eplus-wrapper is-layout-constrained wp-block-group-is-layout-constrained\"><div class=\"wp-block-group alignfull has-blue-light-background-color has-background eplus-wrapper is-layout-constrained wp-block-group-is-layout-constrained eplus-styles-uid-4e7916\"><div class=\"wp-block-columns alignfull eplus-wrapper is-layout-flex wp-container-core-columns-is-layout-9d6595d7 wp-block-columns-is-layout-flex eplus-styles-uid-40729e\"><div class=\"wp-block-column eplus-wrapper is-layout-flow wp-block-column-is-layout-flow eplus-styles-uid-1fe5b8\" style=\"flex-basis:66.66%\"><h3 class=\"text-center-mobile eplus-wrapper wp-block-heading eplus-styles-uid-cc679f\">Co robimy?<\/h3>\n\n\n<p class=\" eplus-wrapper\"><strong>Europa Nostra jest og\u00f3lnoeuropejsk\u0105 federacj\u0105 organizacji i instytucji zajmuj\u0105cych si\u0119 dziedzictwem kulturowym i naturalnym. Zosta\u0142a za\u0142o\u017cona 29 listopada 1963 roku w Pary\u017cu i od tego czasu propaguje, chroni i dzia\u0142a na rzecz dziedzictwa. Europa Nostra, kt\u00f3rej cz\u0142onkowie dzia\u0142aj\u0105 w ponad czterdziestu krajach, jest uznawana za najwi\u0119ksz\u0105 i najbardziej reprezentatywn\u0105 sie\u0107 dziedzictwa kulturowego w Europie Utrzymuje bliskie stosunki z Uni\u0105 Europejsk\u0105, Rad\u0105 Europy, UNESCO i innymi organami mi\u0119dzynarodowymi.<\/strong><\/p>\n\n\n\n<p class=\" eplus-wrapper\">Cz\u0142onkowie Europa Nostra tworz\u0105 wsp\u00f3lnie sie\u0107 dialogu i debaty, promuj\u0105 najlepsze osi\u0105gni\u0119cia z zakresu dziedzictwa, prowadz\u0105 kampani\u0119 przeciwko zagro\u017ceniom dla obiekt\u00f3w dziedzictwa, miejsc i krajobraz\u00f3w oraz lobbuj\u0105 na rzecz zr\u00f3wnowa\u017conej polityki i wysokich standard\u00f3w jako\u015bci w odniesieniu do dziedzictwa.<\/p>\n\n\n\n<div style=\"height:53px\" aria-hidden=\"true\" class=\"wp-block-spacer eplus-wrapper\"><\/div>\n\n\n<h4 class=\"text-center-mobile eplus-wrapper wp-block-heading eplus-styles-uid-5e92ef\">Misja<\/h4>\n\n<ul class=\"eplus-wrapper wp-block-list eplus-styles-uid-275ad6\">\n<li class=\" eplus-wrapper\">To give shape and voice to an ever-growing citizens\u2019 movement to support cultural <br>and natural heritage across Europe<\/li>\n\n\n\n<li class=\" eplus-wrapper\">To be forceful advocates of heritage \u2013 with its multiple benefits for our economy, <br>society, culture and the environment \u2013 towards policy-makers at all levels of governance.<\/li>\n\n\n\n<li class=\" eplus-wrapper\">Promowa\u0107 najlepsze praktyki z zakresu dziedzictwa w ca\u0142ej Europie.<\/li>\n\n\n\n<li class=\" eplus-wrapper\">To campaign to save Europe\u2019s most endangered heritage sites and support actions led <br>by Europa Nostra\u2019s member organisations.<\/li>\n<\/ul>\n\n\n<p class=\" eplus-wrapper\"><\/p>\n\n\n\n<div style=\"height:44px\" aria-hidden=\"true\" class=\"wp-block-spacer eplus-wrapper\"><\/div>\n\n\n\n<div class=\"wp-block-buttons eplus-wrapper is-layout-flex wp-block-buttons-is-layout-flex\"><div class=\"wp-block-button eplus-wrapper eplus-styles-uid-0e98a4\"><a class=\"wp-block-button__link wp-element-button\" href=\"https:\/\/www.europanostra.org\/\" target=\"_blank\" rel=\"noreferrer noopener\">Odwied\u017a nasz\u0105 stron\u0119<\/a><\/div><\/div>\n<\/div>\n\n<div class=\"wp-block-column eplus-wrapper is-layout-flow wp-block-column-is-layout-flow eplus-styles-uid-29202f\" style=\"flex-basis:33.33%\"><figure class=\"is-style-fit-container wp-block-image size-large eplus-wrapper eplus-styles-uid-f441ee\"><img loading=\"lazy\" decoding=\"async\" width=\"577\" height=\"1024\" src=\"https:\/\/heritagehubkrakow.org\/wp-content\/uploads\/2023\/01\/Group-11-577x1024.png\" alt=\"\" class=\"wp-image-294\" srcset=\"https:\/\/heritagehubkrakow.org\/wp-content\/uploads\/2023\/01\/Group-11-577x1024.png 577w, https:\/\/heritagehubkrakow.org\/wp-content\/uploads\/2023\/01\/Group-11-169x300.png 169w, https:\/\/heritagehubkrakow.org\/wp-content\/uploads\/2023\/01\/Group-11.png 691w\" sizes=\"auto, (max-width: 577px) 100vw, 577px\" \/><\/figure><\/div><\/div><\/div><\/div>\n","protected":false},"excerpt":{"rendered":"<p>EUROPA NOSTRA Co robimy? Europa Nostra jest og\u00f3lnoeuropejsk\u0105 federacj\u0105 organizacji i instytucji zajmuj\u0105cych si\u0119 dziedzictwem kulturowym i naturalnym. Zosta\u0142a za\u0142o\u017cona 29 listopada 1963 roku w Pary\u017cu i od tego czasu propaguje, chroni i dzia\u0142a na rzecz dziedzictwa. Europa Nostra, kt\u00f3rej cz\u0142onkowie dzia\u0142aj\u0105 w ponad czterdziestu krajach, jest uznawana za najwi\u0119ksz\u0105 i najbardziej reprezentatywn\u0105 sie\u0107 dziedzictwa [&hellip;]<\/p>\n","protected":false},"author":1,"featured_media":0,"parent":0,"menu_order":19,"comment_status":"closed","ping_status":"closed","template":"","meta":{"_acf_changed":false,"editor_plus_copied_stylings":"{}","footnotes":""},"class_list":["post-798","page","type-page","status-publish","hentry"],"acf":false,"yoast_head":"<!-- This site is optimized with the Yoast SEO plugin v23.8 - https:\/\/yoast.com\/wordpress\/plugins\/seo\/ -->\n<title>Europa Nostra - Europa Nostra<\/title>\n<meta name=\"robots\" content=\"index, follow, max-snippet:-1, max-image-preview:large, max-video-preview:-1\" \/>\n<link rel=\"canonical\" href=\"https:\/\/heritagehubkrakow.org\/pl\/europa-nostra\/\" \/>\n<meta property=\"og:locale\" content=\"pl_PL\" \/>\n<meta property=\"og:type\" content=\"article\" \/>\n<meta property=\"og:title\" content=\"Europa Nostra - Europa Nostra\" \/>\n<meta property=\"og:description\" content=\"EUROPA NOSTRA Co robimy? Europa Nostra jest og\u00f3lnoeuropejsk\u0105 federacj\u0105 organizacji i instytucji zajmuj\u0105cych si\u0119 dziedzictwem kulturowym i naturalnym. Zosta\u0142a za\u0142o\u017cona 29 listopada 1963 roku w Pary\u017cu i od tego czasu propaguje, chroni i dzia\u0142a na rzecz dziedzictwa. Europa Nostra, kt\u00f3rej cz\u0142onkowie dzia\u0142aj\u0105 w ponad czterdziestu krajach, jest uznawana za najwi\u0119ksz\u0105 i najbardziej reprezentatywn\u0105 sie\u0107 dziedzictwa [&hellip;]\" \/>\n<meta property=\"og:url\" content=\"https:\/\/heritagehubkrakow.org\/pl\/europa-nostra\/\" \/>\n<meta property=\"og:site_name\" content=\"Europa Nostra\" \/>\n<meta property=\"article:modified_time\" content=\"2023-06-02T08:03:01+00:00\" \/>\n<meta property=\"og:image\" content=\"https:\/\/heritagehubkrakow.org\/wp-content\/uploads\/2023\/01\/Group-11-577x1024.png\" \/>\n<meta name=\"twitter:card\" content=\"summary_large_image\" \/>\n<meta name=\"twitter:label1\" content=\"Szacowany czas czytania\" \/>\n\t<meta name=\"twitter:data1\" content=\"1 minuta\" \/>\n<script type=\"application\/ld+json\" class=\"yoast-schema-graph\">{\"@context\":\"https:\/\/schema.org\",\"@graph\":[{\"@type\":\"WebPage\",\"@id\":\"https:\/\/heritagehubkrakow.org\/pl\/europa-nostra\/\",\"url\":\"https:\/\/heritagehubkrakow.org\/pl\/europa-nostra\/\",\"name\":\"Europa Nostra - Europa Nostra\",\"isPartOf\":{\"@id\":\"https:\/\/heritagehubkrakow.org\/pl\/#website\"},\"primaryImageOfPage\":{\"@id\":\"https:\/\/heritagehubkrakow.org\/pl\/europa-nostra\/#primaryimage\"},\"image\":{\"@id\":\"https:\/\/heritagehubkrakow.org\/pl\/europa-nostra\/#primaryimage\"},\"thumbnailUrl\":\"https:\/\/heritagehubkrakow.org\/wp-content\/uploads\/2023\/01\/Group-11-577x1024.png\",\"datePublished\":\"2023-02-07T09:48:09+00:00\",\"dateModified\":\"2023-06-02T08:03:01+00:00\",\"breadcrumb\":{\"@id\":\"https:\/\/heritagehubkrakow.org\/pl\/europa-nostra\/#breadcrumb\"},\"inLanguage\":\"pl-PL\",\"potentialAction\":[{\"@type\":\"ReadAction\",\"target\":[\"https:\/\/heritagehubkrakow.org\/pl\/europa-nostra\/\"]}]},{\"@type\":\"ImageObject\",\"inLanguage\":\"pl-PL\",\"@id\":\"https:\/\/heritagehubkrakow.org\/pl\/europa-nostra\/#primaryimage\",\"url\":\"https:\/\/heritagehubkrakow.org\/wp-content\/uploads\/2023\/01\/Group-11-577x1024.png\",\"contentUrl\":\"https:\/\/heritagehubkrakow.org\/wp-content\/uploads\/2023\/01\/Group-11-577x1024.png\"},{\"@type\":\"BreadcrumbList\",\"@id\":\"https:\/\/heritagehubkrakow.org\/pl\/europa-nostra\/#breadcrumb\",\"itemListElement\":[{\"@type\":\"ListItem\",\"position\":1,\"name\":\"Homepage\",\"item\":\"https:\/\/heritagehubkrakow.org\/pl\/\"},{\"@type\":\"ListItem\",\"position\":2,\"name\":\"Europa Nostra\"}]},{\"@type\":\"WebSite\",\"@id\":\"https:\/\/heritagehubkrakow.org\/pl\/#website\",\"url\":\"https:\/\/heritagehubkrakow.org\/pl\/\",\"name\":\"Europa Nostra\",\"description\":\"Heritage Hub for Central and Eastern Europe\",\"publisher\":{\"@id\":\"https:\/\/heritagehubkrakow.org\/pl\/#organization\"},\"potentialAction\":[{\"@type\":\"SearchAction\",\"target\":{\"@type\":\"EntryPoint\",\"urlTemplate\":\"https:\/\/heritagehubkrakow.org\/pl\/?s={search_term_string}\"},\"query-input\":{\"@type\":\"PropertyValueSpecification\",\"valueRequired\":true,\"valueName\":\"search_term_string\"}}],\"inLanguage\":\"pl-PL\"},{\"@type\":\"Organization\",\"@id\":\"https:\/\/heritagehubkrakow.org\/pl\/#organization\",\"name\":\"Europa Nostra\",\"url\":\"https:\/\/heritagehubkrakow.org\/pl\/\",\"logo\":{\"@type\":\"ImageObject\",\"inLanguage\":\"pl-PL\",\"@id\":\"https:\/\/heritagehubkrakow.org\/pl\/#\/schema\/logo\/image\/\",\"url\":\"https:\/\/heritagehubkrakow.org\/wp-content\/uploads\/2023\/01\/europa-logo.png\",\"contentUrl\":\"https:\/\/heritagehubkrakow.org\/wp-content\/uploads\/2023\/01\/europa-logo.png\",\"width\":218,\"height\":237,\"caption\":\"Europa Nostra\"},\"image\":{\"@id\":\"https:\/\/heritagehubkrakow.org\/pl\/#\/schema\/logo\/image\/\"}}]}<\/script>\n<!-- \/ Yoast SEO plugin. -->","yoast_head_json":{"title":"Europa Nostra - Europa Nostra","robots":{"index":"index","follow":"follow","max-snippet":"max-snippet:-1","max-image-preview":"max-image-preview:large","max-video-preview":"max-video-preview:-1"},"canonical":"https:\/\/heritagehubkrakow.org\/pl\/europa-nostra\/","og_locale":"pl_PL","og_type":"article","og_title":"Europa Nostra - Europa Nostra","og_description":"EUROPA NOSTRA Co robimy? Europa Nostra jest og\u00f3lnoeuropejsk\u0105 federacj\u0105 organizacji i instytucji zajmuj\u0105cych si\u0119 dziedzictwem kulturowym i naturalnym. Zosta\u0142a za\u0142o\u017cona 29 listopada 1963 roku w Pary\u017cu i od tego czasu propaguje, chroni i dzia\u0142a na rzecz dziedzictwa. Europa Nostra, kt\u00f3rej cz\u0142onkowie dzia\u0142aj\u0105 w ponad czterdziestu krajach, jest uznawana za najwi\u0119ksz\u0105 i najbardziej reprezentatywn\u0105 sie\u0107 dziedzictwa [&hellip;]","og_url":"https:\/\/heritagehubkrakow.org\/pl\/europa-nostra\/","og_site_name":"Europa Nostra","article_modified_time":"2023-06-02T08:03:01+00:00","og_image":[{"url":"https:\/\/heritagehubkrakow.org\/wp-content\/uploads\/2023\/01\/Group-11-577x1024.png"}],"twitter_card":"summary_large_image","twitter_misc":{"Szacowany czas czytania":"1 minuta"},"schema":{"@context":"https:\/\/schema.org","@graph":[{"@type":"WebPage","@id":"https:\/\/heritagehubkrakow.org\/pl\/europa-nostra\/","url":"https:\/\/heritagehubkrakow.org\/pl\/europa-nostra\/","name":"Europa Nostra - Europa Nostra","isPartOf":{"@id":"https:\/\/heritagehubkrakow.org\/pl\/#website"},"primaryImageOfPage":{"@id":"https:\/\/heritagehubkrakow.org\/pl\/europa-nostra\/#primaryimage"},"image":{"@id":"https:\/\/heritagehubkrakow.org\/pl\/europa-nostra\/#primaryimage"},"thumbnailUrl":"https:\/\/heritagehubkrakow.org\/wp-content\/uploads\/2023\/01\/Group-11-577x1024.png","datePublished":"2023-02-07T09:48:09+00:00","dateModified":"2023-06-02T08:03:01+00:00","breadcrumb":{"@id":"https:\/\/heritagehubkrakow.org\/pl\/europa-nostra\/#breadcrumb"},"inLanguage":"pl-PL","potentialAction":[{"@type":"ReadAction","target":["https:\/\/heritagehubkrakow.org\/pl\/europa-nostra\/"]}]},{"@type":"ImageObject","inLanguage":"pl-PL","@id":"https:\/\/heritagehubkrakow.org\/pl\/europa-nostra\/#primaryimage","url":"https:\/\/heritagehubkrakow.org\/wp-content\/uploads\/2023\/01\/Group-11-577x1024.png","contentUrl":"https:\/\/heritagehubkrakow.org\/wp-content\/uploads\/2023\/01\/Group-11-577x1024.png"},{"@type":"BreadcrumbList","@id":"https:\/\/heritagehubkrakow.org\/pl\/europa-nostra\/#breadcrumb","itemListElement":[{"@type":"ListItem","position":1,"name":"Homepage","item":"https:\/\/heritagehubkrakow.org\/pl\/"},{"@type":"ListItem","position":2,"name":"Europa Nostra"}]},{"@type":"WebSite","@id":"https:\/\/heritagehubkrakow.org\/pl\/#website","url":"https:\/\/heritagehubkrakow.org\/pl\/","name":"Europa Nostra","description":"Heritage Hub for Central and Eastern Europe","publisher":{"@id":"https:\/\/heritagehubkrakow.org\/pl\/#organization"},"potentialAction":[{"@type":"SearchAction","target":{"@type":"EntryPoint","urlTemplate":"https:\/\/heritagehubkrakow.org\/pl\/?s={search_term_string}"},"query-input":{"@type":"PropertyValueSpecification","valueRequired":true,"valueName":"search_term_string"}}],"inLanguage":"pl-PL"},{"@type":"Organization","@id":"https:\/\/heritagehubkrakow.org\/pl\/#organization","name":"Europa Nostra","url":"https:\/\/heritagehubkrakow.org\/pl\/","logo":{"@type":"ImageObject","inLanguage":"pl-PL","@id":"https:\/\/heritagehubkrakow.org\/pl\/#\/schema\/logo\/image\/","url":"https:\/\/heritagehubkrakow.org\/wp-content\/uploads\/2023\/01\/europa-logo.png","contentUrl":"https:\/\/heritagehubkrakow.org\/wp-content\/uploads\/2023\/01\/europa-logo.png","width":218,"height":237,"caption":"Europa Nostra"},"image":{"@id":"https:\/\/heritagehubkrakow.org\/pl\/#\/schema\/logo\/image\/"}}]}},"_links":{"self":[{"href":"https:\/\/heritagehubkrakow.org\/pl\/wp-json\/wp\/v2\/pages\/798","targetHints":{"allow":["GET"]}}],"collection":[{"href":"https:\/\/heritagehubkrakow.org\/pl\/wp-json\/wp\/v2\/pages"}],"about":[{"href":"https:\/\/heritagehubkrakow.org\/pl\/wp-json\/wp\/v2\/types\/page"}],"author":[{"embeddable":true,"href":"https:\/\/heritagehubkrakow.org\/pl\/wp-json\/wp\/v2\/users\/1"}],"replies":[{"embeddable":true,"href":"https:\/\/heritagehubkrakow.org\/pl\/wp-json\/wp\/v2\/comments?post=798"}],"version-history":[{"count":5,"href":"https:\/\/heritagehubkrakow.org\/pl\/wp-json\/wp\/v2\/pages\/798\/revisions"}],"predecessor-version":[{"id":2139,"href":"https:\/\/heritagehubkrakow.org\/pl\/wp-json\/wp\/v2\/pages\/798\/revisions\/2139"}],"wp:attachment":[{"href":"https:\/\/heritagehubkrakow.org\/pl\/wp-json\/wp\/v2\/media?parent=798"}],"curies":[{"name":"wp","href":"https:\/\/api.w.org\/{rel}","templated":true}]}}