{"id":8193,"date":"2025-07-03T15:00:43","date_gmt":"2025-07-03T15:00:43","guid":{"rendered":"https:\/\/heritagehubkrakow.org\/?page_id=8193"},"modified":"2025-10-23T17:00:57","modified_gmt":"2025-10-23T17:00:57","slug":"the-heritage-sound-register","status":"publish","type":"page","link":"https:\/\/heritagehubkrakow.org\/pl\/the-heritage-sound-register\/","title":{"rendered":"Bank d\u017awi\u0119k\u00f3w"},"content":{"rendered":"<div class=\"is-style-section-container, has-white-text is-style-section-container wp-block-group alignfull has-red-background-color has-background eplus-wrapper is-layout-constrained wp-block-group-is-layout-constrained eplus-styles-uid-6f219c\"><div class=\"is-style-section-container wp-block-group alignfull eplus-wrapper is-layout-constrained wp-block-group-is-layout-constrained eplus-styles-uid-38b380\"><div class=\"has-white-text wp-block-group alignfull has-white-color has-text-color eplus-wrapper is-layout-constrained wp-block-group-is-layout-constrained eplus-styles-uid-0ed7c1\"><h1 class=\" wp-block-heading has-text-align-center eplus-wrapper eplus-styles-uid-49faf1\"><strong>The Heritage Sound Register<\/strong><\/h1>\n\n<div class=\"yoast-breadcrumbs\"><span><span><a href=\"https:\/\/heritagehubkrakow.org\/pl\/\">Homepage<\/a><\/span> &#8211; <span class=\"breadcrumb_last\" aria-current=\"page\">Bank d\u017awi\u0119k\u00f3w<\/span><\/span><\/div><\/div><\/div><\/div>\n\n\n<div class=\"is-style-section-container wp-block-group alignfull has-green-dark-background-color has-background eplus-wrapper is-layout-constrained wp-block-group-is-layout-constrained\"><div class=\"wp-block-group alignfull has-green-dark-background-color has-background eplus-wrapper is-layout-constrained wp-block-group-is-layout-constrained eplus-styles-uid-24f6f4\">\n<div class=\"wp-block-group eplus-wrapper is-layout-constrained wp-block-group-is-layout-constrained\"><div class=\"wp-block-columns eplus-wrapper is-layout-flex wp-container-core-columns-is-layout-9d6595d7 wp-block-columns-is-layout-flex eplus-styles-uid-db5619\"><div class=\"wp-block-column eplus-wrapper is-layout-flow wp-block-column-is-layout-flow eplus-styles-uid-9aeb23\"><h3 class=\" wp-block-heading has-text-align-center eplus-wrapper eplus-styles-uid-0581b0\"><strong>The Heritage Sound Register<\/strong><\/h3>\n\n\n<p class=\" eplus-wrapper\"><\/p>\n\n\n\n<!-- CHMURA TAG\u00d3W: multi-select OR -->\n<div id=\"hh-tag-cloud\" aria-label=\"Chmura tag\u00f3w\"><\/div>\n\n<style>\n  #hh-tag-cloud{display:flex;flex-wrap:wrap;gap:.6rem;margin:1rem 0}\n  #hh-tag-cloud .tag{\n    padding:.5rem .85rem;\n    border:2px solid #666;\n    border-radius:0;              \/* bez zaokr\u0105gle\u0144 *\/\n    font-size:1.25rem;           \/* wi\u0119ksza czcionka *\/\n    line-height:1;\n    cursor:pointer;\n    user-select:none;\n    background:#fff;\n    transition:background .15s,border-color .15s,box-shadow .15s,color .15s\n  }\n  #hh-tag-cloud .tag:hover{border-color:#000}\n  #hh-tag-cloud .tag.active{\n    background:#000;             \/* mocne wyr\u00f3\u017cnienie *\/\n    color:#fff;\n    border-color:#000;\n    box-shadow:inset 0 0 0 2px #000, 0 0 0 2px #000;\n    font-weight:700;\n    text-decoration:underline;\n    text-underline-offset:2px;\n  }\n  #hh-tag-cloud .tag.reset{\n    border-style:dashed;\n    background:#f5f5f5\n  }\n  .hh-hidden{display:none!important}\n<\/style>\n\n<script>\ndocument.addEventListener('DOMContentLoaded', function(){\n  const root = document.querySelector('[class*=\"cpt-list\"]')\n            || document.querySelector('[class*=\"list\"], [class*=\"grid\"]')\n            || document.body;\n\n  let cards = Array.from(root.querySelectorAll('article, li, .post, [class*=\"item\"], [class*=\"card\"], .cpt-list__post'))\n    .filter(el => el.querySelector('a[href*=\"tag=\"]'));\n\n  if (!cards.length) {\n    const tagLinks = root.querySelectorAll('a[href*=\"tag=\"]');\n    cards = Array.from(new Set(Array.from(tagLinks).map(a=>{\n      return a.closest('article, li, .post, [class*=\"item\"], [class*=\"card\"], .cpt-list__post') || a.parentElement;\n    })));\n  }\n  if (!cards.length) return;\n\n  const tagMap = new Map();\n  const getKeyFromHref = href => {\n    const m = String(href||'').match(\/[?&]tag=([^&#]+)\/i);\n    return m ? decodeURIComponent(m[1]) : '';\n  };\n\n  cards.forEach(card=>{\n    const links = card.querySelectorAll('a[href*=\"tag=\"]');\n    links.forEach(a=>{\n      const key = getKeyFromHref(a.getAttribute('href'));\n      const label = a.textContent.trim();\n      if (!key || !label) return;\n      if (!tagMap.has(key)) tagMap.set(key, {label, cards:new Set()});\n      tagMap.get(key).cards.add(card);\n    });\n  });\n  if (!tagMap.size) return;\n\n  const host = document.getElementById('hh-tag-cloud');\n  const makeBtn = (text, key, extra='')=>{\n    const b = document.createElement('button');\n    b.type='button';\n    b.className='tag'+(extra?(' '+extra):'');\n    b.textContent=text;\n    if (key) b.dataset.key = key;\n    return b;\n  };\n  const resetBtn = makeBtn('Wyczy\u015b\u0107', '', 'reset');\n  host.appendChild(resetBtn);\n\n  Array.from(tagMap.entries())\n    .sort((a,b)=>a[1].label.localeCompare(b[1].label,'pl'))\n    .forEach(([k,v])=> host.appendChild(makeBtn(v.label, k)));\n\n  const selected = new Set();\n\n  const showAll = ()=>{\n    cards.forEach(c=>c.classList.remove('hh-hidden'));\n  };\n\n  const applyFilter = ()=>{\n    if (!selected.size){ showAll(); return; }\n    cards.forEach(c=>c.classList.add('hh-hidden'));\n    const union = new Set();\n    selected.forEach(k=>{\n      const entry = tagMap.get(k);\n      if (entry) entry.cards.forEach(c=>union.add(c));\n    });\n    union.forEach(c=>c.classList.remove('hh-hidden'));\n  };\n\n  host.addEventListener('click', e=>{\n    const btn = e.target.closest('.tag');\n    if (!btn) return;\n\n    if (btn.classList.contains('reset')){\n      selected.clear();\n      host.querySelectorAll('.tag').forEach(t=>t.classList.remove('active'));\n      showAll();\n      return;\n    }\n\n    const key = btn.dataset.key;\n    if (!key) return;\n    if (selected.has(key)){ selected.delete(key); btn.classList.remove('active'); }\n    else { selected.add(key); btn.classList.add('active'); }\n    applyFilter();\n  });\n});\n<\/script>\n\n\n\n<p class=\" eplus-wrapper\">Obraz mo\u017ce by\u0107 wart tysi\u0105ca s\u0142\u00f3w, ale bez d\u017awi\u0119ku pozostaj\u0105 one dwuwymiarowymi podpowiedziami wizualnymi. Dopiero po dodaniu d\u017awi\u0119ku otrzymujemy pe\u0142niejszy \u201eobraz\u201d w naszych umys\u0142ach.<\/p>\n\n\n\n<p class=\" eplus-wrapper\">Wraz z rozwojem spo\u0142ecze\u0144stw ewoluuj\u0105 r\u00f3wnie\u017c d\u017awi\u0119ki, tworz\u0105c efemeryczny, ale stale ewoluuj\u0105cy krajobraz d\u017awi\u0119kowy, kt\u00f3ry sta\u0142 si\u0119 wsp\u00f3\u0142czesnym znakiem antropocenu. D\u017awi\u0119ki, kt\u00f3re kiedy\u015b by\u0142y wszechobecne, zanikaj\u0105, podczas gdy nowe d\u017awi\u0119ki pojawiaj\u0105 si\u0119, zast\u0119puj\u0105c je i tworz\u0105c nowe krajobrazy d\u017awi\u0119kowe.<\/p>\n\n\n\n<p class=\" eplus-wrapper\">Rejestr D\u017awi\u0119k\u00f3w Dziedzictwa przygotowany przez Europa Nostra Heritage Hub w Krakowie ma by\u0107 platform\u0105 internetow\u0105, kt\u00f3ra b\u0119dzie gromadzi\u0107 d\u017awi\u0119ki odzwierciedlaj\u0105ce dziedzictwo regionu Europy \u015arodkowo-Wschodniej, zar\u00f3wno naturalne, jak i stworzone przez cz\u0142owieka. Pozostawienie otwartych drzwi dla szerokiej interpretacji pozwala na dodawanie do banku d\u017awi\u0119k\u00f3w wielu r\u00f3\u017cnych d\u017awi\u0119k\u00f3w i kontekst\u00f3w w miar\u0119 up\u0142ywu czasu. Poprzez rejestr chcemy zapewni\u0107 katalog d\u017awi\u0119k\u00f3w dziedzictwa, kt\u00f3ry b\u0119dzie swobodnie dost\u0119pny dla naukowc\u00f3w i interesariuszy, i kt\u00f3ry pokazuje si\u0142\u0119 d\u017awi\u0119ku w anga\u017cowaniu si\u0119 w narracje dziedzictwa.<\/p>\n\n\n\n<p class=\" eplus-wrapper\"><em>Rejestr d\u017awi\u0119k\u00f3w dziedzictwa jest tworzony przez Europa Nostra Heritage Hub w Krakowie, a jego kuratorem jest John Beauchamp.<\/em><\/p>\n\n\n\n<p class=\" eplus-wrapper\">Projekt jest wsp\u00f3\u0142finansowany przez <a href=\"https:\/\/european-union.europa.eu\/index_en\">Uni\u0119 Europejsk\u0105<\/a> i <a href=\"https:\/\/www.krakow.pl\/krakow_open_city\">Miasto Krak\u00f3w<\/a>.<\/p>\n<\/div><\/div><\/div>\n\n\n\n<div class=\"wp-block-group eplus-wrapper is-layout-constrained wp-block-group-is-layout-constrained\">\n<div class=\"cpt-list cpt-list-wide alignfull\">\n    <div class=\"cpt-list__posts\">\n                    <div class=\"cpt-list__posts-container\">\n                \n<div class=\"cpt-list__post\">\n                <a href=\"https:\/\/heritagehubkrakow.org\/pl\/project\/centralne-muzeum-wlokiennictwa-w-lodzi\/\" class=\"cpt-list__post-image-wrapper\">\n                <div>\n                    <img loading=\"lazy\" decoding=\"async\" width=\"1200\" height=\"1200\" src=\"https:\/\/heritagehubkrakow.org\/wp-content\/uploads\/2025\/07\/KKH-LODZ-P006.jpg\" class=\"attachment-post-thumbnail size-post-thumbnail wp-post-image\" alt=\"\" srcset=\"https:\/\/heritagehubkrakow.org\/wp-content\/uploads\/2025\/07\/KKH-LODZ-P006.jpg 1200w, https:\/\/heritagehubkrakow.org\/wp-content\/uploads\/2025\/07\/KKH-LODZ-P006-300x300.jpg 300w, https:\/\/heritagehubkrakow.org\/wp-content\/uploads\/2025\/07\/KKH-LODZ-P006-1024x1024.jpg 1024w, https:\/\/heritagehubkrakow.org\/wp-content\/uploads\/2025\/07\/KKH-LODZ-P006-150x150.jpg 150w, https:\/\/heritagehubkrakow.org\/wp-content\/uploads\/2025\/07\/KKH-LODZ-P006-768x768.jpg 768w\" sizes=\"auto, (max-width: 1200px) 100vw, 1200px\">                <\/div>\n            <\/a>\n            <div class=\"cpt-list__post-text\">\n                    <div class=\"cpt-list__post-tags\">\n                                    <a href=\"https:\/\/heritagehubkrakow.org\/pl\/?s=&amp;tag=bank-dzwiekow\" class=\"cpt-list__post-tag\">Bank D\u017awi\u0119k\u00f3w<\/a>\n                                    <a href=\"https:\/\/heritagehubkrakow.org\/pl\/?s=&amp;tag=podcast-pl\" class=\"cpt-list__post-tag\">Podcast<\/a>\n                            <\/div>\n                    <a href=\"https:\/\/heritagehubkrakow.org\/pl\/project\/centralne-muzeum-wlokiennictwa-w-lodzi\/\" class=\"cpt-list__post-title-wrapper\"><h3 class=\"cpt-list__post-title\">Centralne Muzeum W\u0142\u00f3kiennictwa w \u0141odzi<\/h3><\/a>\n                    <p class=\"cpt-list__post-excerpt\">Centralne Muzeum W\u0142\u00f3kiennictwa w \u0141odzi The Central Museum of Textiles in \u0141\u00f3d\u017a is a cornerstone of Poland\u2019s cultural heritage, preserving the city\u2019s industrial past while celebrating textile art as a global tradition. Located in Ludwik Geyer\u2019s historic \u201cWhite Factory\u201d, the museum was established in 1960 and is recognised as the first textile museum in the [\u2026]<\/p>\n                    <a href=\"https:\/\/heritagehubkrakow.org\/pl\/project\/centralne-muzeum-wlokiennictwa-w-lodzi\/\" class=\"cpt-list__post-button\">czytaj wi\u0119cej<\/a>\n            <\/div>\n<\/div>            <\/div>\n        \n            <\/div>\n<\/div><\/div>\n<\/div><\/div>\n","protected":false},"excerpt":{"rendered":"<p>Pos\u0142uchaj naszej nowej serii podcast\u00f3w. Holistic Heritage to rozmowy, opinie i przemy\u015blenia na temat dziedzictwa Europy \u015arodkowo-Wschodniej. <\/p>\n","protected":false},"author":11,"featured_media":646,"parent":0,"menu_order":27,"comment_status":"closed","ping_status":"closed","template":"","meta":{"_acf_changed":false,"editor_plus_copied_stylings":"{}","footnotes":""},"class_list":["post-8193","page","type-page","status-publish","has-post-thumbnail","hentry"],"acf":false,"yoast_head":"<!-- This site is optimized with the Yoast SEO plugin v23.8 - https:\/\/yoast.com\/wordpress\/plugins\/seo\/ -->\n<title>Bank d\u017awi\u0119k\u00f3w - Europa Nostra<\/title>\n<meta name=\"description\" content=\"Holistic Heritage to rozmowy, opinie i przemy\u015blenia na temat dziedzictwa Europy \u015arodkowo-Wschodniej.\" \/>\n<meta name=\"robots\" content=\"index, follow, max-snippet:-1, max-image-preview:large, max-video-preview:-1\" \/>\n<link rel=\"canonical\" href=\"https:\/\/heritagehubkrakow.org\/pl\/the-heritage-sound-register\/\" \/>\n<meta property=\"og:locale\" content=\"pl_PL\" \/>\n<meta property=\"og:type\" content=\"article\" \/>\n<meta property=\"og:title\" content=\"Bank d\u017awi\u0119k\u00f3w - Europa Nostra\" \/>\n<meta property=\"og:description\" content=\"Holistic Heritage to rozmowy, opinie i przemy\u015blenia na temat dziedzictwa Europy \u015arodkowo-Wschodniej.\" \/>\n<meta property=\"og:url\" content=\"https:\/\/heritagehubkrakow.org\/pl\/the-heritage-sound-register\/\" \/>\n<meta property=\"og:site_name\" content=\"Europa Nostra\" \/>\n<meta property=\"article:modified_time\" content=\"2025-10-23T17:00:57+00:00\" \/>\n<meta property=\"og:image\" content=\"https:\/\/heritagehubkrakow.org\/wp-content\/uploads\/2023\/01\/Background_project-scaled.jpg\" \/>\n\t<meta property=\"og:image:width\" content=\"2560\" \/>\n\t<meta property=\"og:image:height\" content=\"803\" \/>\n\t<meta property=\"og:image:type\" content=\"image\/jpeg\" \/>\n<meta name=\"twitter:card\" content=\"summary_large_image\" \/>\n<meta name=\"twitter:label1\" content=\"Szacowany czas czytania\" \/>\n\t<meta name=\"twitter:data1\" content=\"1 minuta\" \/>\n<script type=\"application\/ld+json\" class=\"yoast-schema-graph\">{\"@context\":\"https:\/\/schema.org\",\"@graph\":[{\"@type\":\"WebPage\",\"@id\":\"https:\/\/heritagehubkrakow.org\/pl\/the-heritage-sound-register\/\",\"url\":\"https:\/\/heritagehubkrakow.org\/pl\/the-heritage-sound-register\/\",\"name\":\"Bank d\u017awi\u0119k\u00f3w - Europa Nostra\",\"isPartOf\":{\"@id\":\"https:\/\/heritagehubkrakow.org\/pl\/#website\"},\"primaryImageOfPage\":{\"@id\":\"https:\/\/heritagehubkrakow.org\/pl\/the-heritage-sound-register\/#primaryimage\"},\"image\":{\"@id\":\"https:\/\/heritagehubkrakow.org\/pl\/the-heritage-sound-register\/#primaryimage\"},\"thumbnailUrl\":\"https:\/\/heritagehubkrakow.org\/wp-content\/uploads\/2023\/01\/Background_project-scaled.jpg\",\"datePublished\":\"2025-07-03T15:00:43+00:00\",\"dateModified\":\"2025-10-23T17:00:57+00:00\",\"description\":\"Holistic Heritage to rozmowy, opinie i przemy\u015blenia na temat dziedzictwa Europy \u015arodkowo-Wschodniej.\",\"breadcrumb\":{\"@id\":\"https:\/\/heritagehubkrakow.org\/pl\/the-heritage-sound-register\/#breadcrumb\"},\"inLanguage\":\"pl-PL\",\"potentialAction\":[{\"@type\":\"ReadAction\",\"target\":[\"https:\/\/heritagehubkrakow.org\/pl\/the-heritage-sound-register\/\"]}]},{\"@type\":\"ImageObject\",\"inLanguage\":\"pl-PL\",\"@id\":\"https:\/\/heritagehubkrakow.org\/pl\/the-heritage-sound-register\/#primaryimage\",\"url\":\"https:\/\/heritagehubkrakow.org\/wp-content\/uploads\/2023\/01\/Background_project-scaled.jpg\",\"contentUrl\":\"https:\/\/heritagehubkrakow.org\/wp-content\/uploads\/2023\/01\/Background_project-scaled.jpg\",\"width\":2560,\"height\":803},{\"@type\":\"BreadcrumbList\",\"@id\":\"https:\/\/heritagehubkrakow.org\/pl\/the-heritage-sound-register\/#breadcrumb\",\"itemListElement\":[{\"@type\":\"ListItem\",\"position\":1,\"name\":\"Homepage\",\"item\":\"https:\/\/heritagehubkrakow.org\/pl\/\"},{\"@type\":\"ListItem\",\"position\":2,\"name\":\"Bank d\u017awi\u0119k\u00f3w\"}]},{\"@type\":\"WebSite\",\"@id\":\"https:\/\/heritagehubkrakow.org\/pl\/#website\",\"url\":\"https:\/\/heritagehubkrakow.org\/pl\/\",\"name\":\"Europa Nostra\",\"description\":\"Heritage Hub for Central and Eastern Europe\",\"publisher\":{\"@id\":\"https:\/\/heritagehubkrakow.org\/pl\/#organization\"},\"potentialAction\":[{\"@type\":\"SearchAction\",\"target\":{\"@type\":\"EntryPoint\",\"urlTemplate\":\"https:\/\/heritagehubkrakow.org\/pl\/?s={search_term_string}\"},\"query-input\":{\"@type\":\"PropertyValueSpecification\",\"valueRequired\":true,\"valueName\":\"search_term_string\"}}],\"inLanguage\":\"pl-PL\"},{\"@type\":\"Organization\",\"@id\":\"https:\/\/heritagehubkrakow.org\/pl\/#organization\",\"name\":\"Europa Nostra\",\"url\":\"https:\/\/heritagehubkrakow.org\/pl\/\",\"logo\":{\"@type\":\"ImageObject\",\"inLanguage\":\"pl-PL\",\"@id\":\"https:\/\/heritagehubkrakow.org\/pl\/#\/schema\/logo\/image\/\",\"url\":\"https:\/\/heritagehubkrakow.org\/wp-content\/uploads\/2023\/01\/europa-logo.png\",\"contentUrl\":\"https:\/\/heritagehubkrakow.org\/wp-content\/uploads\/2023\/01\/europa-logo.png\",\"width\":218,\"height\":237,\"caption\":\"Europa Nostra\"},\"image\":{\"@id\":\"https:\/\/heritagehubkrakow.org\/pl\/#\/schema\/logo\/image\/\"}}]}<\/script>\n<!-- \/ Yoast SEO plugin. -->","yoast_head_json":{"title":"Bank d\u017awi\u0119k\u00f3w - Europa Nostra","description":"Holistic Heritage to rozmowy, opinie i przemy\u015blenia na temat dziedzictwa Europy \u015arodkowo-Wschodniej.","robots":{"index":"index","follow":"follow","max-snippet":"max-snippet:-1","max-image-preview":"max-image-preview:large","max-video-preview":"max-video-preview:-1"},"canonical":"https:\/\/heritagehubkrakow.org\/pl\/the-heritage-sound-register\/","og_locale":"pl_PL","og_type":"article","og_title":"Bank d\u017awi\u0119k\u00f3w - Europa Nostra","og_description":"Holistic Heritage to rozmowy, opinie i przemy\u015blenia na temat dziedzictwa Europy \u015arodkowo-Wschodniej.","og_url":"https:\/\/heritagehubkrakow.org\/pl\/the-heritage-sound-register\/","og_site_name":"Europa Nostra","article_modified_time":"2025-10-23T17:00:57+00:00","og_image":[{"width":2560,"height":803,"url":"https:\/\/heritagehubkrakow.org\/wp-content\/uploads\/2023\/01\/Background_project-scaled.jpg","type":"image\/jpeg"}],"twitter_card":"summary_large_image","twitter_misc":{"Szacowany czas czytania":"1 minuta"},"schema":{"@context":"https:\/\/schema.org","@graph":[{"@type":"WebPage","@id":"https:\/\/heritagehubkrakow.org\/pl\/the-heritage-sound-register\/","url":"https:\/\/heritagehubkrakow.org\/pl\/the-heritage-sound-register\/","name":"Bank d\u017awi\u0119k\u00f3w - Europa Nostra","isPartOf":{"@id":"https:\/\/heritagehubkrakow.org\/pl\/#website"},"primaryImageOfPage":{"@id":"https:\/\/heritagehubkrakow.org\/pl\/the-heritage-sound-register\/#primaryimage"},"image":{"@id":"https:\/\/heritagehubkrakow.org\/pl\/the-heritage-sound-register\/#primaryimage"},"thumbnailUrl":"https:\/\/heritagehubkrakow.org\/wp-content\/uploads\/2023\/01\/Background_project-scaled.jpg","datePublished":"2025-07-03T15:00:43+00:00","dateModified":"2025-10-23T17:00:57+00:00","description":"Holistic Heritage to rozmowy, opinie i przemy\u015blenia na temat dziedzictwa Europy \u015arodkowo-Wschodniej.","breadcrumb":{"@id":"https:\/\/heritagehubkrakow.org\/pl\/the-heritage-sound-register\/#breadcrumb"},"inLanguage":"pl-PL","potentialAction":[{"@type":"ReadAction","target":["https:\/\/heritagehubkrakow.org\/pl\/the-heritage-sound-register\/"]}]},{"@type":"ImageObject","inLanguage":"pl-PL","@id":"https:\/\/heritagehubkrakow.org\/pl\/the-heritage-sound-register\/#primaryimage","url":"https:\/\/heritagehubkrakow.org\/wp-content\/uploads\/2023\/01\/Background_project-scaled.jpg","contentUrl":"https:\/\/heritagehubkrakow.org\/wp-content\/uploads\/2023\/01\/Background_project-scaled.jpg","width":2560,"height":803},{"@type":"BreadcrumbList","@id":"https:\/\/heritagehubkrakow.org\/pl\/the-heritage-sound-register\/#breadcrumb","itemListElement":[{"@type":"ListItem","position":1,"name":"Homepage","item":"https:\/\/heritagehubkrakow.org\/pl\/"},{"@type":"ListItem","position":2,"name":"Bank d\u017awi\u0119k\u00f3w"}]},{"@type":"WebSite","@id":"https:\/\/heritagehubkrakow.org\/pl\/#website","url":"https:\/\/heritagehubkrakow.org\/pl\/","name":"Europa Nostra","description":"Heritage Hub for Central and Eastern Europe","publisher":{"@id":"https:\/\/heritagehubkrakow.org\/pl\/#organization"},"potentialAction":[{"@type":"SearchAction","target":{"@type":"EntryPoint","urlTemplate":"https:\/\/heritagehubkrakow.org\/pl\/?s={search_term_string}"},"query-input":{"@type":"PropertyValueSpecification","valueRequired":true,"valueName":"search_term_string"}}],"inLanguage":"pl-PL"},{"@type":"Organization","@id":"https:\/\/heritagehubkrakow.org\/pl\/#organization","name":"Europa Nostra","url":"https:\/\/heritagehubkrakow.org\/pl\/","logo":{"@type":"ImageObject","inLanguage":"pl-PL","@id":"https:\/\/heritagehubkrakow.org\/pl\/#\/schema\/logo\/image\/","url":"https:\/\/heritagehubkrakow.org\/wp-content\/uploads\/2023\/01\/europa-logo.png","contentUrl":"https:\/\/heritagehubkrakow.org\/wp-content\/uploads\/2023\/01\/europa-logo.png","width":218,"height":237,"caption":"Europa Nostra"},"image":{"@id":"https:\/\/heritagehubkrakow.org\/pl\/#\/schema\/logo\/image\/"}}]}},"_links":{"self":[{"href":"https:\/\/heritagehubkrakow.org\/pl\/wp-json\/wp\/v2\/pages\/8193","targetHints":{"allow":["GET"]}}],"collection":[{"href":"https:\/\/heritagehubkrakow.org\/pl\/wp-json\/wp\/v2\/pages"}],"about":[{"href":"https:\/\/heritagehubkrakow.org\/pl\/wp-json\/wp\/v2\/types\/page"}],"author":[{"embeddable":true,"href":"https:\/\/heritagehubkrakow.org\/pl\/wp-json\/wp\/v2\/users\/11"}],"replies":[{"embeddable":true,"href":"https:\/\/heritagehubkrakow.org\/pl\/wp-json\/wp\/v2\/comments?post=8193"}],"version-history":[{"count":43,"href":"https:\/\/heritagehubkrakow.org\/pl\/wp-json\/wp\/v2\/pages\/8193\/revisions"}],"predecessor-version":[{"id":8673,"href":"https:\/\/heritagehubkrakow.org\/pl\/wp-json\/wp\/v2\/pages\/8193\/revisions\/8673"}],"wp:featuredmedia":[{"embeddable":true,"href":"https:\/\/heritagehubkrakow.org\/pl\/wp-json\/wp\/v2\/media\/646"}],"wp:attachment":[{"href":"https:\/\/heritagehubkrakow.org\/pl\/wp-json\/wp\/v2\/media?parent=8193"}],"curies":[{"name":"wp","href":"https:\/\/api.w.org\/{rel}","templated":true}]}}