{"id":8806,"date":"2025-11-25T11:43:14","date_gmt":"2025-11-25T11:43:14","guid":{"rendered":"https:\/\/heritagehubkrakow.org\/?page_id=8806"},"modified":"2025-12-18T22:15:11","modified_gmt":"2025-12-18T22:15:11","slug":"narrative-heritage-network","status":"publish","type":"page","link":"https:\/\/heritagehubkrakow.org\/pl\/narrative-heritage-network\/","title":{"rendered":"Narrative Heritage Network"},"content":{"rendered":"\n<div class=\"is-style-section-container, has-white-text is-style-section-container wp-block-group alignfull has-red-background-color has-background eplus-wrapper is-layout-constrained wp-block-group-is-layout-constrained\"><div class=\"has-white-text wp-block-group alignfull has-white-color has-red-background-color has-text-color has-background eplus-wrapper is-layout-constrained wp-block-group-is-layout-constrained eplus-styles-uid-3cefcf\"><h1 class=\" wp-block-heading has-text-align-center eplus-wrapper eplus-styles-uid-134013\">Narrative Heritage Network<\/h1>\n\n<div class=\"yoast-breadcrumbs\"><span><span><a href=\"https:\/\/heritagehubkrakow.org\/pl\/\">Homepage<\/a><\/span> &#8211; <span class=\"breadcrumb_last\" aria-current=\"page\">Narrative Heritage Network<\/span><\/span><\/div><\/div><\/div>\n\n\n<div class=\"is-style-section-container wp-block-group alignfull has-orange-background-color has-background eplus-wrapper is-layout-constrained wp-block-group-is-layout-constrained eplus-styles-uid-4c6cdd\"><div class=\"wp-block-group alignfull has-blue-light-background-color has-background eplus-wrapper is-layout-constrained wp-block-group-is-layout-constrained eplus-styles-uid-24f6f4\">\n<div class=\"wp-block-group eplus-wrapper is-layout-constrained wp-block-group-is-layout-constrained\"><div class=\"wp-block-columns eplus-wrapper is-layout-flex wp-container-core-columns-is-layout-9d6595d7 wp-block-columns-is-layout-flex eplus-styles-uid-cf7ad3\"><div class=\"wp-block-column eplus-wrapper is-layout-flow wp-block-column-is-layout-flow eplus-styles-uid-9aeb23\">\n<p class=\" eplus-wrapper\">Narrative Heritage Network powsta\u0142o, by jednoczy\u0107 praktyk\u00f3w opowiadania historii \u2013 artyst\u00f3w, producent\u00f3w, kurator\u00f3w oraz ekspert\u00f3w dzia\u0142aj\u0105cych na polu dziedzictwa kulturowego. Chcemy zintegrowa\u0107 \u015brodowisko os\u00f3b pracuj\u0105cych na co dzie\u0144 z tym obszarem, zar\u00f3wno w jego wymiarze materialnym, jak i niematerialnym.<\/p>\n\n\n\n<p class=\" eplus-wrapper\">Dziedzictwo to opowie\u015bci: procesy, miejsca i ludzie. Jak mo\u017cemy podchodzi\u0107 do dziedzictwa, aby lepiej zrozumie\u0107 samych siebie? Jak zaanga\u017cowa\u0107 spo\u0142ecze\u0144stwo w dzia\u0142ania o\u017cywiaj\u0105ce otaczaj\u0105ce nas dziedzictwo? W jaki spos\u00f3b wykorzysta\u0107 nasze zmys\u0142y, by ich synergia pozwoli\u0142a nam zbli\u017cy\u0107 si\u0119 do przesz\u0142o\u015bci, a mo\u017ce nawet do\u015bwiadczy\u0107 jej tu i teraz?<\/p>\n\n\n\n<p class=\" eplus-wrapper\">Podczas czterech spotka\u0144 online w ramach Narrative Heritage Network om\u00f3wimy r\u00f3\u017cne podej\u015bcia do opowiadania historii w kontek\u015bcie dziedzictwa, ka\u017cdorazowo skupiaj\u0105c si\u0119 na konkretnym temacie. Ostateczny program zostanie ustalony wsp\u00f3lnie przez uczestnik\u00f3w podczas inauguracyjnego spotkania i dyskusji online.<\/p>\n\n\n\n<p class=\" eplus-wrapper\">Ka\u017cde spotkanie b\u0119dzie mia\u0142o form\u0119 warsztatu i dyskusji obejmuj\u0105cych wybrany aspekt narracji dziedzictwa, w tym:<\/p>\n\n\n\n<p class=\" eplus-wrapper\">&#8211; dziedzictwo poprzez multimedia<\/p>\n\n\n\n<p class=\" eplus-wrapper\">&#8211; dziedzictwo poprzez d\u017awi\u0119k<\/p>\n\n\n\n<p class=\" eplus-wrapper\">&#8211; dziedzictwo poprzez obraz<\/p>\n\n\n\n<p class=\" eplus-wrapper\">&#8211; dziedzictwo poprzez zapach<\/p>\n\n\n\n<p class=\" eplus-wrapper\"><\/p>\n\n\n\n<p class=\" eplus-wrapper\">Jak mo\u017cemy sta\u0107 si\u0119 lepszymi opowiadaczami historii? Chcesz podzieli\u0107 si\u0119 wiedz\u0105 i pomys\u0142ami na temat narracji dziedzictwa? Je\u015bli opowiadanie historii jest bliskie Tobie i Twojej organizacji \u2013 do\u0142\u0105cz do Narrative Heritage Network, inicjatywy stworzonej i prowadzonej przez Europa Nostra Heritage Hub w Krakowie w ramach finansowanego przez Uni\u0119 Europejsk\u0105 projektu European Heritage Hub.<\/p>\n\n\n\n<p class=\" eplus-wrapper\"><\/p>\n\n\n\n<p class=\" has-text-align-center eplus-wrapper\">_    _    _    _    _<\/p>\n\n\n\n<p class=\" eplus-wrapper\">RELACJE Z DOTYCHCZASOWYCH SPOTKA\u0143:<\/p>\n\n\n\n<p class=\" eplus-wrapper\"><a href=\"https:\/\/heritagehubkrakow.org\/pl\/narrative-heritage-network-wystartowala\/\">I. Pozw\u00f3l, \u017ce opowiem ci histori\u0119&#8230; Inauguracja Narrative Heritage Network (16.12.2025)<\/a><\/p>\n\n\n\n<p class=\" eplus-wrapper\"><\/p>\n\n\n\n<figure class=\"wp-block-gallery has-nested-images columns-default is-cropped eplus-wrapper wp-block-gallery-1\">\n<figure class=\" wp-block-image size-large eplus-wrapper\"><img loading=\"lazy\" decoding=\"async\" width=\"1024\" height=\"576\" data-id=\"8793\" src=\"https:\/\/heritagehubkrakow.org\/wp-content\/uploads\/2025\/11\/NarrativeHeritage_1280-x-720-1024x576.jpg\" alt=\"\" class=\"wp-image-8793\" srcset=\"https:\/\/heritagehubkrakow.org\/wp-content\/uploads\/2025\/11\/NarrativeHeritage_1280-x-720-1024x576.jpg 1024w, https:\/\/heritagehubkrakow.org\/wp-content\/uploads\/2025\/11\/NarrativeHeritage_1280-x-720-300x169.jpg 300w, https:\/\/heritagehubkrakow.org\/wp-content\/uploads\/2025\/11\/NarrativeHeritage_1280-x-720-768x432.jpg 768w, https:\/\/heritagehubkrakow.org\/wp-content\/uploads\/2025\/11\/NarrativeHeritage_1280-x-720.jpg 1280w\" sizes=\"auto, (max-width: 1024px) 100vw, 1024px\" \/><\/figure>\n<\/figure>\n\n\n<div class=\"wp-block-buttons eplus-wrapper is-layout-flex wp-block-buttons-is-layout-flex eplus-styles-uid-f3d741\"><\/div><\/div><\/div><\/div>\n<\/div><\/div>\n\n<div class=\"is-style-section-container wp-block-group alignfull has-orange-background-color has-background eplus-wrapper is-layout-constrained wp-block-group-is-layout-constrained eplus-styles-uid-4c6cdd\"><div class=\"wp-block-group alignfull has-orange-background-color has-background eplus-wrapper is-layout-constrained wp-block-group-is-layout-constrained eplus-styles-uid-20b295\"><figure class=\"wp-block-gallery alignfull has-nested-images columns-4 is-cropped eplus-wrapper wp-block-gallery-2 eplus-styles-uid-7becfb\"><figure class=\"is-style-default wp-block-image size-full eplus-wrapper eplus-styles-uid-74e231\"><img loading=\"lazy\" decoding=\"async\" width=\"720\" height=\"720\" data-id=\"518\" src=\"https:\/\/heritagehubkrakow.org\/wp-content\/uploads\/2023\/01\/photo9.jpg\" alt=\"\" class=\"wp-image-518\" srcset=\"https:\/\/heritagehubkrakow.org\/wp-content\/uploads\/2023\/01\/photo9.jpg 720w, https:\/\/heritagehubkrakow.org\/wp-content\/uploads\/2023\/01\/photo9-300x300.jpg 300w, https:\/\/heritagehubkrakow.org\/wp-content\/uploads\/2023\/01\/photo9-150x150.jpg 150w\" sizes=\"auto, (max-width: 720px) 100vw, 720px\" \/><\/figure>\n\n<figure class=\"is-style-default wp-block-image size-full eplus-wrapper eplus-styles-uid-74e231\"><img loading=\"lazy\" decoding=\"async\" width=\"720\" height=\"720\" data-id=\"520\" src=\"https:\/\/heritagehubkrakow.org\/wp-content\/uploads\/2023\/01\/photo8.jpg\" alt=\"\" class=\"wp-image-520\" srcset=\"https:\/\/heritagehubkrakow.org\/wp-content\/uploads\/2023\/01\/photo8.jpg 720w, https:\/\/heritagehubkrakow.org\/wp-content\/uploads\/2023\/01\/photo8-300x300.jpg 300w, https:\/\/heritagehubkrakow.org\/wp-content\/uploads\/2023\/01\/photo8-150x150.jpg 150w\" sizes=\"auto, (max-width: 720px) 100vw, 720px\" \/><\/figure>\n\n<figure class=\" wp-block-image size-full eplus-wrapper eplus-styles-uid-eea178\"><img loading=\"lazy\" decoding=\"async\" width=\"720\" height=\"720\" data-id=\"519\" src=\"https:\/\/heritagehubkrakow.org\/wp-content\/uploads\/2023\/01\/photo7.jpg\" alt=\"\" class=\"wp-image-519\" srcset=\"https:\/\/heritagehubkrakow.org\/wp-content\/uploads\/2023\/01\/photo7.jpg 720w, https:\/\/heritagehubkrakow.org\/wp-content\/uploads\/2023\/01\/photo7-300x300.jpg 300w, https:\/\/heritagehubkrakow.org\/wp-content\/uploads\/2023\/01\/photo7-150x150.jpg 150w\" sizes=\"auto, (max-width: 720px) 100vw, 720px\" \/><\/figure>\n\n<figure class=\" wp-block-image size-full eplus-wrapper eplus-styles-uid-74e231\"><img loading=\"lazy\" decoding=\"async\" width=\"480\" height=\"480\" data-id=\"441\" src=\"https:\/\/heritagehubkrakow.org\/wp-content\/uploads\/2023\/01\/photo6.jpg\" alt=\"\" class=\"wp-image-441\" srcset=\"https:\/\/heritagehubkrakow.org\/wp-content\/uploads\/2023\/01\/photo6.jpg 480w, https:\/\/heritagehubkrakow.org\/wp-content\/uploads\/2023\/01\/photo6-300x300.jpg 300w, https:\/\/heritagehubkrakow.org\/wp-content\/uploads\/2023\/01\/photo6-150x150.jpg 150w\" sizes=\"auto, (max-width: 480px) 100vw, 480px\" \/><\/figure><\/figure><\/div><\/div>","protected":false},"excerpt":{"rendered":"<p>Narrative Heritage Network powsta\u0142o, by jednoczy\u0107 praktyk\u00f3w opowiadania historii \u2013 artyst\u00f3w, producent\u00f3w, kurator\u00f3w oraz ekspert\u00f3w dzia\u0142aj\u0105cych na polu dziedzictwa kulturowego. Chcemy zintegrowa\u0107 \u015brodowisko os\u00f3b pracuj\u0105cych na co dzie\u0144 z tym obszarem, zar\u00f3wno w jego wymiarze materialnym, jak i niematerialnym.<\/p>\n","protected":false},"author":7,"featured_media":8785,"parent":0,"menu_order":37,"comment_status":"closed","ping_status":"closed","template":"","meta":{"_acf_changed":false,"editor_plus_copied_stylings":"{}","footnotes":""},"class_list":["post-8806","page","type-page","status-publish","has-post-thumbnail","hentry"],"acf":false,"yoast_head":"<!-- This site is optimized with the Yoast SEO plugin v23.8 - https:\/\/yoast.com\/wordpress\/plugins\/seo\/ -->\n<title>Narrative Heritage Network - Europa Nostra<\/title>\n<meta name=\"description\" content=\"Narrative Heritage Network powsta\u0142o, by jednoczy\u0107 praktyk\u00f3w opowiadania historii \u2013 artyst\u00f3w, producent\u00f3w, kurator\u00f3w oraz ekspert\u00f3w dzia\u0142aj\u0105cych na polu dziedzictwa kulturowego. Chcemy zintegrowa\u0107 \u015brodowisko os\u00f3b pracuj\u0105cych na co dzie\u0144 z tym obszarem, zar\u00f3wno w jego wymiarze materialnym, jak i niematerialnym.\" \/>\n<meta name=\"robots\" content=\"index, follow, max-snippet:-1, max-image-preview:large, max-video-preview:-1\" \/>\n<link rel=\"canonical\" href=\"https:\/\/heritagehubkrakow.org\/pl\/narrative-heritage-network\/\" \/>\n<meta property=\"og:locale\" content=\"pl_PL\" \/>\n<meta property=\"og:type\" content=\"article\" \/>\n<meta property=\"og:title\" content=\"Narrative Heritage Network - Europa Nostra\" \/>\n<meta property=\"og:description\" content=\"Narrative Heritage Network powsta\u0142o, by jednoczy\u0107 praktyk\u00f3w opowiadania historii \u2013 artyst\u00f3w, producent\u00f3w, kurator\u00f3w oraz ekspert\u00f3w dzia\u0142aj\u0105cych na polu dziedzictwa kulturowego. Chcemy zintegrowa\u0107 \u015brodowisko os\u00f3b pracuj\u0105cych na co dzie\u0144 z tym obszarem, zar\u00f3wno w jego wymiarze materialnym, jak i niematerialnym.\" \/>\n<meta property=\"og:url\" content=\"https:\/\/heritagehubkrakow.org\/pl\/narrative-heritage-network\/\" \/>\n<meta property=\"og:site_name\" content=\"Europa Nostra\" \/>\n<meta property=\"article:modified_time\" content=\"2025-12-18T22:15:11+00:00\" \/>\n<meta property=\"og:image\" content=\"https:\/\/heritagehubkrakow.org\/wp-content\/uploads\/2025\/11\/NarrativeHeritage_FB-post-kwadrat.jpg\" \/>\n\t<meta property=\"og:image:width\" content=\"1200\" \/>\n\t<meta property=\"og:image:height\" content=\"1200\" \/>\n\t<meta property=\"og:image:type\" content=\"image\/jpeg\" \/>\n<meta name=\"twitter:card\" content=\"summary_large_image\" \/>\n<meta name=\"twitter:label1\" content=\"Szacowany czas czytania\" \/>\n\t<meta name=\"twitter:data1\" content=\"3 minuty\" \/>\n<script type=\"application\/ld+json\" class=\"yoast-schema-graph\">{\"@context\":\"https:\/\/schema.org\",\"@graph\":[{\"@type\":\"WebPage\",\"@id\":\"https:\/\/heritagehubkrakow.org\/pl\/narrative-heritage-network\/\",\"url\":\"https:\/\/heritagehubkrakow.org\/pl\/narrative-heritage-network\/\",\"name\":\"Narrative Heritage Network - Europa Nostra\",\"isPartOf\":{\"@id\":\"https:\/\/heritagehubkrakow.org\/pl\/#website\"},\"primaryImageOfPage\":{\"@id\":\"https:\/\/heritagehubkrakow.org\/pl\/narrative-heritage-network\/#primaryimage\"},\"image\":{\"@id\":\"https:\/\/heritagehubkrakow.org\/pl\/narrative-heritage-network\/#primaryimage\"},\"thumbnailUrl\":\"https:\/\/heritagehubkrakow.org\/wp-content\/uploads\/2025\/11\/NarrativeHeritage_FB-post-kwadrat.jpg\",\"datePublished\":\"2025-11-25T11:43:14+00:00\",\"dateModified\":\"2025-12-18T22:15:11+00:00\",\"description\":\"Narrative Heritage Network powsta\u0142o, by jednoczy\u0107 praktyk\u00f3w opowiadania historii \u2013 artyst\u00f3w, producent\u00f3w, kurator\u00f3w oraz ekspert\u00f3w dzia\u0142aj\u0105cych na polu dziedzictwa kulturowego. Chcemy zintegrowa\u0107 \u015brodowisko os\u00f3b pracuj\u0105cych na co dzie\u0144 z tym obszarem, zar\u00f3wno w jego wymiarze materialnym, jak i niematerialnym.\",\"breadcrumb\":{\"@id\":\"https:\/\/heritagehubkrakow.org\/pl\/narrative-heritage-network\/#breadcrumb\"},\"inLanguage\":\"pl-PL\",\"potentialAction\":[{\"@type\":\"ReadAction\",\"target\":[\"https:\/\/heritagehubkrakow.org\/pl\/narrative-heritage-network\/\"]}]},{\"@type\":\"ImageObject\",\"inLanguage\":\"pl-PL\",\"@id\":\"https:\/\/heritagehubkrakow.org\/pl\/narrative-heritage-network\/#primaryimage\",\"url\":\"https:\/\/heritagehubkrakow.org\/wp-content\/uploads\/2025\/11\/NarrativeHeritage_FB-post-kwadrat.jpg\",\"contentUrl\":\"https:\/\/heritagehubkrakow.org\/wp-content\/uploads\/2025\/11\/NarrativeHeritage_FB-post-kwadrat.jpg\",\"width\":1200,\"height\":1200},{\"@type\":\"BreadcrumbList\",\"@id\":\"https:\/\/heritagehubkrakow.org\/pl\/narrative-heritage-network\/#breadcrumb\",\"itemListElement\":[{\"@type\":\"ListItem\",\"position\":1,\"name\":\"Homepage\",\"item\":\"https:\/\/heritagehubkrakow.org\/pl\/\"},{\"@type\":\"ListItem\",\"position\":2,\"name\":\"Narrative Heritage Network\"}]},{\"@type\":\"WebSite\",\"@id\":\"https:\/\/heritagehubkrakow.org\/pl\/#website\",\"url\":\"https:\/\/heritagehubkrakow.org\/pl\/\",\"name\":\"Europa Nostra\",\"description\":\"Heritage Hub for Central and Eastern Europe\",\"publisher\":{\"@id\":\"https:\/\/heritagehubkrakow.org\/pl\/#organization\"},\"potentialAction\":[{\"@type\":\"SearchAction\",\"target\":{\"@type\":\"EntryPoint\",\"urlTemplate\":\"https:\/\/heritagehubkrakow.org\/pl\/?s={search_term_string}\"},\"query-input\":{\"@type\":\"PropertyValueSpecification\",\"valueRequired\":true,\"valueName\":\"search_term_string\"}}],\"inLanguage\":\"pl-PL\"},{\"@type\":\"Organization\",\"@id\":\"https:\/\/heritagehubkrakow.org\/pl\/#organization\",\"name\":\"Europa Nostra\",\"url\":\"https:\/\/heritagehubkrakow.org\/pl\/\",\"logo\":{\"@type\":\"ImageObject\",\"inLanguage\":\"pl-PL\",\"@id\":\"https:\/\/heritagehubkrakow.org\/pl\/#\/schema\/logo\/image\/\",\"url\":\"https:\/\/heritagehubkrakow.org\/wp-content\/uploads\/2023\/01\/europa-logo.png\",\"contentUrl\":\"https:\/\/heritagehubkrakow.org\/wp-content\/uploads\/2023\/01\/europa-logo.png\",\"width\":218,\"height\":237,\"caption\":\"Europa Nostra\"},\"image\":{\"@id\":\"https:\/\/heritagehubkrakow.org\/pl\/#\/schema\/logo\/image\/\"}}]}<\/script>\n<!-- \/ Yoast SEO plugin. -->","yoast_head_json":{"title":"Narrative Heritage Network - Europa Nostra","description":"Narrative Heritage Network powsta\u0142o, by jednoczy\u0107 praktyk\u00f3w opowiadania historii \u2013 artyst\u00f3w, producent\u00f3w, kurator\u00f3w oraz ekspert\u00f3w dzia\u0142aj\u0105cych na polu dziedzictwa kulturowego. Chcemy zintegrowa\u0107 \u015brodowisko os\u00f3b pracuj\u0105cych na co dzie\u0144 z tym obszarem, zar\u00f3wno w jego wymiarze materialnym, jak i niematerialnym.","robots":{"index":"index","follow":"follow","max-snippet":"max-snippet:-1","max-image-preview":"max-image-preview:large","max-video-preview":"max-video-preview:-1"},"canonical":"https:\/\/heritagehubkrakow.org\/pl\/narrative-heritage-network\/","og_locale":"pl_PL","og_type":"article","og_title":"Narrative Heritage Network - Europa Nostra","og_description":"Narrative Heritage Network powsta\u0142o, by jednoczy\u0107 praktyk\u00f3w opowiadania historii \u2013 artyst\u00f3w, producent\u00f3w, kurator\u00f3w oraz ekspert\u00f3w dzia\u0142aj\u0105cych na polu dziedzictwa kulturowego. Chcemy zintegrowa\u0107 \u015brodowisko os\u00f3b pracuj\u0105cych na co dzie\u0144 z tym obszarem, zar\u00f3wno w jego wymiarze materialnym, jak i niematerialnym.","og_url":"https:\/\/heritagehubkrakow.org\/pl\/narrative-heritage-network\/","og_site_name":"Europa Nostra","article_modified_time":"2025-12-18T22:15:11+00:00","og_image":[{"width":1200,"height":1200,"url":"https:\/\/heritagehubkrakow.org\/wp-content\/uploads\/2025\/11\/NarrativeHeritage_FB-post-kwadrat.jpg","type":"image\/jpeg"}],"twitter_card":"summary_large_image","twitter_misc":{"Szacowany czas czytania":"3 minuty"},"schema":{"@context":"https:\/\/schema.org","@graph":[{"@type":"WebPage","@id":"https:\/\/heritagehubkrakow.org\/pl\/narrative-heritage-network\/","url":"https:\/\/heritagehubkrakow.org\/pl\/narrative-heritage-network\/","name":"Narrative Heritage Network - Europa Nostra","isPartOf":{"@id":"https:\/\/heritagehubkrakow.org\/pl\/#website"},"primaryImageOfPage":{"@id":"https:\/\/heritagehubkrakow.org\/pl\/narrative-heritage-network\/#primaryimage"},"image":{"@id":"https:\/\/heritagehubkrakow.org\/pl\/narrative-heritage-network\/#primaryimage"},"thumbnailUrl":"https:\/\/heritagehubkrakow.org\/wp-content\/uploads\/2025\/11\/NarrativeHeritage_FB-post-kwadrat.jpg","datePublished":"2025-11-25T11:43:14+00:00","dateModified":"2025-12-18T22:15:11+00:00","description":"Narrative Heritage Network powsta\u0142o, by jednoczy\u0107 praktyk\u00f3w opowiadania historii \u2013 artyst\u00f3w, producent\u00f3w, kurator\u00f3w oraz ekspert\u00f3w dzia\u0142aj\u0105cych na polu dziedzictwa kulturowego. Chcemy zintegrowa\u0107 \u015brodowisko os\u00f3b pracuj\u0105cych na co dzie\u0144 z tym obszarem, zar\u00f3wno w jego wymiarze materialnym, jak i niematerialnym.","breadcrumb":{"@id":"https:\/\/heritagehubkrakow.org\/pl\/narrative-heritage-network\/#breadcrumb"},"inLanguage":"pl-PL","potentialAction":[{"@type":"ReadAction","target":["https:\/\/heritagehubkrakow.org\/pl\/narrative-heritage-network\/"]}]},{"@type":"ImageObject","inLanguage":"pl-PL","@id":"https:\/\/heritagehubkrakow.org\/pl\/narrative-heritage-network\/#primaryimage","url":"https:\/\/heritagehubkrakow.org\/wp-content\/uploads\/2025\/11\/NarrativeHeritage_FB-post-kwadrat.jpg","contentUrl":"https:\/\/heritagehubkrakow.org\/wp-content\/uploads\/2025\/11\/NarrativeHeritage_FB-post-kwadrat.jpg","width":1200,"height":1200},{"@type":"BreadcrumbList","@id":"https:\/\/heritagehubkrakow.org\/pl\/narrative-heritage-network\/#breadcrumb","itemListElement":[{"@type":"ListItem","position":1,"name":"Homepage","item":"https:\/\/heritagehubkrakow.org\/pl\/"},{"@type":"ListItem","position":2,"name":"Narrative Heritage Network"}]},{"@type":"WebSite","@id":"https:\/\/heritagehubkrakow.org\/pl\/#website","url":"https:\/\/heritagehubkrakow.org\/pl\/","name":"Europa Nostra","description":"Heritage Hub for Central and Eastern Europe","publisher":{"@id":"https:\/\/heritagehubkrakow.org\/pl\/#organization"},"potentialAction":[{"@type":"SearchAction","target":{"@type":"EntryPoint","urlTemplate":"https:\/\/heritagehubkrakow.org\/pl\/?s={search_term_string}"},"query-input":{"@type":"PropertyValueSpecification","valueRequired":true,"valueName":"search_term_string"}}],"inLanguage":"pl-PL"},{"@type":"Organization","@id":"https:\/\/heritagehubkrakow.org\/pl\/#organization","name":"Europa Nostra","url":"https:\/\/heritagehubkrakow.org\/pl\/","logo":{"@type":"ImageObject","inLanguage":"pl-PL","@id":"https:\/\/heritagehubkrakow.org\/pl\/#\/schema\/logo\/image\/","url":"https:\/\/heritagehubkrakow.org\/wp-content\/uploads\/2023\/01\/europa-logo.png","contentUrl":"https:\/\/heritagehubkrakow.org\/wp-content\/uploads\/2023\/01\/europa-logo.png","width":218,"height":237,"caption":"Europa Nostra"},"image":{"@id":"https:\/\/heritagehubkrakow.org\/pl\/#\/schema\/logo\/image\/"}}]}},"_links":{"self":[{"href":"https:\/\/heritagehubkrakow.org\/pl\/wp-json\/wp\/v2\/pages\/8806","targetHints":{"allow":["GET"]}}],"collection":[{"href":"https:\/\/heritagehubkrakow.org\/pl\/wp-json\/wp\/v2\/pages"}],"about":[{"href":"https:\/\/heritagehubkrakow.org\/pl\/wp-json\/wp\/v2\/types\/page"}],"author":[{"embeddable":true,"href":"https:\/\/heritagehubkrakow.org\/pl\/wp-json\/wp\/v2\/users\/7"}],"replies":[{"embeddable":true,"href":"https:\/\/heritagehubkrakow.org\/pl\/wp-json\/wp\/v2\/comments?post=8806"}],"version-history":[{"count":11,"href":"https:\/\/heritagehubkrakow.org\/pl\/wp-json\/wp\/v2\/pages\/8806\/revisions"}],"predecessor-version":[{"id":8935,"href":"https:\/\/heritagehubkrakow.org\/pl\/wp-json\/wp\/v2\/pages\/8806\/revisions\/8935"}],"wp:featuredmedia":[{"embeddable":true,"href":"https:\/\/heritagehubkrakow.org\/pl\/wp-json\/wp\/v2\/media\/8785"}],"wp:attachment":[{"href":"https:\/\/heritagehubkrakow.org\/pl\/wp-json\/wp\/v2\/media?parent=8806"}],"curies":[{"name":"wp","href":"https:\/\/api.w.org\/{rel}","templated":true}]}}